{"id":18324,"date":"2024-04-08T13:46:17","date_gmt":"2024-04-27T18:06:47","guid":{"rendered":"https:\/\/astei.com\/regala\/number-of-nights-casa-ametsa\/"},"modified":"2024-04-27T20:06:47","modified_gmt":"2024-04-27T18:06:47","slug":"number-of-nights-casa-ametsa","status":"publish","type":"product","link":"https:\/\/astei.com\/en\/give\/number-of-nights-casa-ametsa\/","title":{"rendered":"Number of nights (Casa Ametsa)"},"content":{"rendered":"<p>Decide how many nights you want to enjoy in our magnificent rural apartment for two people, the <a href=\"https:\/\/astei.com\/wp\/alojamiento\/apartamento-turistico-ametsa\/\">Ametsa tourist apartment.<\/a><\/p>\n","protected":false},"excerpt":{"rendered":"<p>Decide cu\u00e1ntas noches quieres disfrutar en nuestro magn\u00edfico apartamento rural, el <a href=\"https:\/\/astei.com\/wp\/alojamiento\/apartamento-turistico-ametsa\/\">apartamento tur\u00edstico Ametsa. <\/a>A partir de una noche, para dos personas.<\/p>\n","protected":false},"featured_media":8680,"template":"","meta":{"_acf_changed":false,"_joinchat":[]},"product_brand":[],"product_cat":[248],"product_tag":[],"class_list":{"0":"post-18324","1":"product","2":"type-product","3":"status-publish","4":"has-post-thumbnail","6":"product_cat-extras-en","8":"first","9":"instock","10":"virtual","11":"taxable","12":"purchasable","13":"product-type-simple"},"acf":[],"yoast_head":"<!-- This site is optimized with the Yoast SEO plugin v27.4 - https:\/\/yoast.com\/product\/yoast-seo-wordpress\/ -->\n<title>Number of nights (Casa Ametsa) - The Rural Houses of Ea Astei<\/title>\n<meta name=\"robots\" content=\"index, follow, max-snippet:-1, max-image-preview:large, max-video-preview:-1\" \/>\n<link rel=\"canonical\" href=\"https:\/\/astei.com\/en\/give\/number-of-nights-casa-ametsa\/\" \/>\n<meta property=\"og:locale\" content=\"en_US\" \/>\n<meta property=\"og:type\" content=\"article\" \/>\n<meta property=\"og:title\" content=\"Number of nights (Casa Ametsa) - The Rural Houses of Ea Astei\" \/>\n<meta property=\"og:description\" content=\"Decide cu\u00e1ntas noches quieres disfrutar en nuestro magn\u00edfico apartamento rural, el apartamento tur\u00edstico Ametsa. A partir de una noche, para dos personas.\" \/>\n<meta property=\"og:url\" content=\"https:\/\/astei.com\/en\/give\/number-of-nights-casa-ametsa\/\" \/>\n<meta property=\"og:site_name\" content=\"The Rural Houses of Ea Astei\" \/>\n<meta property=\"article:publisher\" content=\"https:\/\/www.facebook.com\/EAASTEI\" \/>\n<meta property=\"og:image\" content=\"https:\/\/astei.com\/wp-content\/uploads\/2022\/02\/ametsa_51870036945_o.png\" \/>\n\t<meta property=\"og:image:width\" content=\"1200\" \/>\n\t<meta property=\"og:image:height\" content=\"1027\" \/>\n\t<meta property=\"og:image:type\" content=\"image\/png\" \/>\n<meta name=\"twitter:card\" content=\"summary_large_image\" \/>\n<script type=\"application\/ld+json\" class=\"yoast-schema-graph\">{\"@context\":\"https:\\\/\\\/schema.org\",\"@graph\":[{\"@type\":\"WebPage\",\"@id\":\"https:\\\/\\\/astei.com\\\/en\\\/give\\\/number-of-nights-casa-ametsa\\\/\",\"url\":\"https:\\\/\\\/astei.com\\\/en\\\/give\\\/number-of-nights-casa-ametsa\\\/\",\"name\":\"Number of nights (Casa Ametsa) - The Rural Houses of Ea Astei\",\"isPartOf\":{\"@id\":\"https:\\\/\\\/astei.com\\\/en\\\/#website\"},\"primaryImageOfPage\":{\"@id\":\"https:\\\/\\\/astei.com\\\/en\\\/give\\\/number-of-nights-casa-ametsa\\\/#primaryimage\"},\"image\":{\"@id\":\"https:\\\/\\\/astei.com\\\/en\\\/give\\\/number-of-nights-casa-ametsa\\\/#primaryimage\"},\"thumbnailUrl\":\"https:\\\/\\\/astei.com\\\/wp-content\\\/uploads\\\/2022\\\/02\\\/ametsa_51870036945_o.png\",\"datePublished\":\"2024-04-27T18:06:47+00:00\",\"breadcrumb\":{\"@id\":\"https:\\\/\\\/astei.com\\\/en\\\/give\\\/number-of-nights-casa-ametsa\\\/#breadcrumb\"},\"inLanguage\":\"en-US\",\"potentialAction\":[{\"@type\":\"ReadAction\",\"target\":[\"https:\\\/\\\/astei.com\\\/en\\\/give\\\/number-of-nights-casa-ametsa\\\/\"]}]},{\"@type\":\"ImageObject\",\"inLanguage\":\"en-US\",\"@id\":\"https:\\\/\\\/astei.com\\\/en\\\/give\\\/number-of-nights-casa-ametsa\\\/#primaryimage\",\"url\":\"https:\\\/\\\/astei.com\\\/wp-content\\\/uploads\\\/2022\\\/02\\\/ametsa_51870036945_o.png\",\"contentUrl\":\"https:\\\/\\\/astei.com\\\/wp-content\\\/uploads\\\/2022\\\/02\\\/ametsa_51870036945_o.png\",\"width\":1200,\"height\":1027,\"caption\":\"Casa Ametsa, The Houses of Ea Astei\"},{\"@type\":\"BreadcrumbList\",\"@id\":\"https:\\\/\\\/astei.com\\\/en\\\/give\\\/number-of-nights-casa-ametsa\\\/#breadcrumb\",\"itemListElement\":[{\"@type\":\"ListItem\",\"position\":1,\"name\":\"Cover\",\"item\":\"https:\\\/\\\/astei.com\\\/en\\\/home\\\/\"},{\"@type\":\"ListItem\",\"position\":2,\"name\":\"Gift vouchers\",\"item\":\"https:\\\/\\\/astei.com\\\/de\\\/?page_id=20659\"},{\"@type\":\"ListItem\",\"position\":3,\"name\":\"Number of nights (Casa Ametsa)\"}]},{\"@type\":\"WebSite\",\"@id\":\"https:\\\/\\\/astei.com\\\/en\\\/#website\",\"url\":\"https:\\\/\\\/astei.com\\\/en\\\/\",\"name\":\"The Rural Houses of Ea Astei\",\"description\":\"Your perfect vacation in the paradise of Urdaibai\",\"publisher\":{\"@id\":\"https:\\\/\\\/astei.com\\\/en\\\/#organization\"},\"alternateName\":\"Tourist accommodations in Basque Country\",\"potentialAction\":[{\"@type\":\"SearchAction\",\"target\":{\"@type\":\"EntryPoint\",\"urlTemplate\":\"https:\\\/\\\/astei.com\\\/en\\\/?s={search_term_string}\"},\"query-input\":{\"@type\":\"PropertyValueSpecification\",\"valueRequired\":true,\"valueName\":\"search_term_string\"}}],\"inLanguage\":\"en-US\"},{\"@type\":\"Organization\",\"@id\":\"https:\\\/\\\/astei.com\\\/en\\\/#organization\",\"name\":\"The Houses of Ea Astei\",\"alternateName\":\"Tourist accommodations in Basque Country\",\"url\":\"https:\\\/\\\/astei.com\\\/en\\\/\",\"logo\":{\"@type\":\"ImageObject\",\"inLanguage\":\"en-US\",\"@id\":\"https:\\\/\\\/astei.com\\\/en\\\/#\\\/schema\\\/logo\\\/image\\\/\",\"url\":\"https:\\\/\\\/i0.wp.com\\\/astei.com\\\/wp-content\\\/uploads\\\/2019\\\/02\\\/Logo-Astei-Negro.png?fit=164%2C108&ssl=1\",\"contentUrl\":\"https:\\\/\\\/i0.wp.com\\\/astei.com\\\/wp-content\\\/uploads\\\/2019\\\/02\\\/Logo-Astei-Negro.png?fit=164%2C108&ssl=1\",\"width\":164,\"height\":108,\"caption\":\"The Houses of Ea Astei\"},\"image\":{\"@id\":\"https:\\\/\\\/astei.com\\\/en\\\/#\\\/schema\\\/logo\\\/image\\\/\"},\"sameAs\":[\"https:\\\/\\\/www.facebook.com\\\/EAASTEI\",\"https:\\\/\\\/www.instagram.com\\\/eaastei\\\/\",\"https:\\\/\\\/www.linkedin.com\\\/in\\\/ea-astei-casa-rural-74004636\\\/\"]}]}<\/script>\n<!-- \/ Yoast SEO plugin. -->","yoast_head_json":{"title":"Number of nights (Casa Ametsa) - The Rural Houses of Ea Astei","robots":{"index":"index","follow":"follow","max-snippet":"max-snippet:-1","max-image-preview":"max-image-preview:large","max-video-preview":"max-video-preview:-1"},"canonical":"https:\/\/astei.com\/en\/give\/number-of-nights-casa-ametsa\/","og_locale":"en_US","og_type":"article","og_title":"Number of nights (Casa Ametsa) - The Rural Houses of Ea Astei","og_description":"Decide cu\u00e1ntas noches quieres disfrutar en nuestro magn\u00edfico apartamento rural, el apartamento tur\u00edstico Ametsa. A partir de una noche, para dos personas.","og_url":"https:\/\/astei.com\/en\/give\/number-of-nights-casa-ametsa\/","og_site_name":"The Rural Houses of Ea Astei","article_publisher":"https:\/\/www.facebook.com\/EAASTEI","og_image":[{"width":1200,"height":1027,"url":"https:\/\/astei.com\/wp-content\/uploads\/2022\/02\/ametsa_51870036945_o.png","type":"image\/png"}],"twitter_card":"summary_large_image","schema":{"@context":"https:\/\/schema.org","@graph":[{"@type":"WebPage","@id":"https:\/\/astei.com\/en\/give\/number-of-nights-casa-ametsa\/","url":"https:\/\/astei.com\/en\/give\/number-of-nights-casa-ametsa\/","name":"Number of nights (Casa Ametsa) - The Rural Houses of Ea Astei","isPartOf":{"@id":"https:\/\/astei.com\/en\/#website"},"primaryImageOfPage":{"@id":"https:\/\/astei.com\/en\/give\/number-of-nights-casa-ametsa\/#primaryimage"},"image":{"@id":"https:\/\/astei.com\/en\/give\/number-of-nights-casa-ametsa\/#primaryimage"},"thumbnailUrl":"https:\/\/astei.com\/wp-content\/uploads\/2022\/02\/ametsa_51870036945_o.png","datePublished":"2024-04-27T18:06:47+00:00","breadcrumb":{"@id":"https:\/\/astei.com\/en\/give\/number-of-nights-casa-ametsa\/#breadcrumb"},"inLanguage":"en-US","potentialAction":[{"@type":"ReadAction","target":["https:\/\/astei.com\/en\/give\/number-of-nights-casa-ametsa\/"]}]},{"@type":"ImageObject","inLanguage":"en-US","@id":"https:\/\/astei.com\/en\/give\/number-of-nights-casa-ametsa\/#primaryimage","url":"https:\/\/astei.com\/wp-content\/uploads\/2022\/02\/ametsa_51870036945_o.png","contentUrl":"https:\/\/astei.com\/wp-content\/uploads\/2022\/02\/ametsa_51870036945_o.png","width":1200,"height":1027,"caption":"Casa Ametsa, The Houses of Ea Astei"},{"@type":"BreadcrumbList","@id":"https:\/\/astei.com\/en\/give\/number-of-nights-casa-ametsa\/#breadcrumb","itemListElement":[{"@type":"ListItem","position":1,"name":"Cover","item":"https:\/\/astei.com\/en\/home\/"},{"@type":"ListItem","position":2,"name":"Gift vouchers","item":"https:\/\/astei.com\/de\/?page_id=20659"},{"@type":"ListItem","position":3,"name":"Number of nights (Casa Ametsa)"}]},{"@type":"WebSite","@id":"https:\/\/astei.com\/en\/#website","url":"https:\/\/astei.com\/en\/","name":"The Rural Houses of Ea Astei","description":"Your perfect vacation in the paradise of Urdaibai","publisher":{"@id":"https:\/\/astei.com\/en\/#organization"},"alternateName":"Tourist accommodations in Basque Country","potentialAction":[{"@type":"SearchAction","target":{"@type":"EntryPoint","urlTemplate":"https:\/\/astei.com\/en\/?s={search_term_string}"},"query-input":{"@type":"PropertyValueSpecification","valueRequired":true,"valueName":"search_term_string"}}],"inLanguage":"en-US"},{"@type":"Organization","@id":"https:\/\/astei.com\/en\/#organization","name":"The Houses of Ea Astei","alternateName":"Tourist accommodations in Basque Country","url":"https:\/\/astei.com\/en\/","logo":{"@type":"ImageObject","inLanguage":"en-US","@id":"https:\/\/astei.com\/en\/#\/schema\/logo\/image\/","url":"https:\/\/i0.wp.com\/astei.com\/wp-content\/uploads\/2019\/02\/Logo-Astei-Negro.png?fit=164%2C108&ssl=1","contentUrl":"https:\/\/i0.wp.com\/astei.com\/wp-content\/uploads\/2019\/02\/Logo-Astei-Negro.png?fit=164%2C108&ssl=1","width":164,"height":108,"caption":"The Houses of Ea Astei"},"image":{"@id":"https:\/\/astei.com\/en\/#\/schema\/logo\/image\/"},"sameAs":["https:\/\/www.facebook.com\/EAASTEI","https:\/\/www.instagram.com\/eaastei\/","https:\/\/www.linkedin.com\/in\/ea-astei-casa-rural-74004636\/"]}]}},"_links":{"self":[{"href":"https:\/\/astei.com\/en\/wp-json\/wp\/v2\/product\/18324","targetHints":{"allow":["GET"]}}],"collection":[{"href":"https:\/\/astei.com\/en\/wp-json\/wp\/v2\/product"}],"about":[{"href":"https:\/\/astei.com\/en\/wp-json\/wp\/v2\/types\/product"}],"version-history":[{"count":0,"href":"https:\/\/astei.com\/en\/wp-json\/wp\/v2\/product\/18324\/revisions"}],"wp:featuredmedia":[{"embeddable":true,"href":"https:\/\/astei.com\/en\/wp-json\/wp\/v2\/media\/8680"}],"wp:attachment":[{"href":"https:\/\/astei.com\/en\/wp-json\/wp\/v2\/media?parent=18324"}],"wp:term":[{"taxonomy":"product_brand","embeddable":true,"href":"https:\/\/astei.com\/en\/wp-json\/wp\/v2\/product_brand?post=18324"},{"taxonomy":"product_cat","embeddable":true,"href":"https:\/\/astei.com\/en\/wp-json\/wp\/v2\/product_cat?post=18324"},{"taxonomy":"product_tag","embeddable":true,"href":"https:\/\/astei.com\/en\/wp-json\/wp\/v2\/product_tag?post=18324"}],"curies":[{"name":"wp","href":"https:\/\/api.w.org\/{rel}","templated":true}]}}