{"id":17900,"date":"2024-04-08T20:00:04","date_gmt":"2024-04-08T18:00:04","guid":{"rendered":"https:\/\/astei.com\/?post_type=product&#038;p=17900"},"modified":"2025-03-24T14:19:28","modified_gmt":"2025-03-24T13:19:28","slug":"tarjeta-regalo-ea-astei","status":"publish","type":"product","link":"https:\/\/astei.com\/de\/regala\/tarjeta-regalo-ea-astei\/","title":{"rendered":"Tarjetas regalo de las casas de Ea Astei"},"content":{"rendered":"<p>Invita a tu pareja, familia o amigos a vivir una experiencia de ensue\u00f1o en uno de nuestros 10 alojamientos rurales.<\/p>\n<p>Adem\u00e1s, <strong>gratis<\/strong>, incluido en el precio de la tarjeta:<\/p>\n<ul>\n<li>una deliciosa botella de vino o txakoli y un riqu\u00edsimo aperitivo, que os estar\u00e1 esperando en la habitaci\u00f3n a vuestra llegada;<\/li>\n<li>acceso gratuito durante vuestra estancia a la zona de wellness, con piscina exterior climatizada.<\/li>\n<\/ul>\n<p>Elige el alojamiento de las casas de Ea Astei que quieres regalar a la persona o persona que m\u00e1s quieres. Una tarjeta regalo es un seguro de felicidad.<\/p>\n","protected":false},"excerpt":{"rendered":"<p>Elige el alojamiento de las casas de Ea Astei que quieres regalar a la persona o personas que m\u00e1s quieres. Una tarjeta regalo Astei es un seguro de felicidad.<\/p>\n","protected":false},"featured_media":16248,"template":"","meta":{"_acf_changed":false,"_joinchat":[]},"product_brand":[],"product_cat":[61],"product_tag":[],"class_list":{"0":"post-17900","1":"product","2":"type-product","3":"status-publish","4":"has-post-thumbnail","6":"product_cat-tarjetas-astei","8":"first","9":"instock","10":"taxable","11":"shipping-taxable","12":"purchasable","13":"product-type-variable"},"acf":[],"yoast_head":"<!-- This site is optimized with the Yoast SEO plugin v27.4 - https:\/\/yoast.com\/product\/yoast-seo-wordpress\/ -->\n<title>Tarjetas regalo de las casas de Ea Astei - Las Casas de Ea Astei<\/title>\n<meta name=\"description\" content=\"Elige el alojamiento de las casas de Ea Astei que quieres regalar a la persona o persona que m\u00e1s quieres. Una tarjeta regalo es un seguro de felicidad.\" \/>\n<meta name=\"robots\" content=\"noindex, follow\" \/>\n<meta property=\"og:locale\" content=\"de_DE\" \/>\n<meta property=\"og:type\" content=\"article\" \/>\n<meta property=\"og:title\" content=\"Tarjetas regalo de las casas de Ea Astei - Las Casas de Ea Astei\" \/>\n<meta property=\"og:description\" content=\"Elige el alojamiento de las casas de Ea Astei que quieres regalar a la persona o persona que m\u00e1s quieres. Una tarjeta regalo es un seguro de felicidad.\" \/>\n<meta property=\"og:url\" content=\"https:\/\/astei.com\/de\/regala\/tarjeta-regalo-ea-astei\/\" \/>\n<meta property=\"og:site_name\" content=\"Las Casas de Ea Astei\" \/>\n<meta property=\"article:publisher\" content=\"https:\/\/www.facebook.com\/EAASTEI\" \/>\n<meta property=\"article:modified_time\" content=\"2025-03-24T13:19:28+00:00\" \/>\n<meta property=\"og:image\" content=\"https:\/\/astei.com\/wp-content\/uploads\/2022\/11\/Bono-Ametsa-1200.png\" \/>\n\t<meta property=\"og:image:width\" content=\"1200\" \/>\n\t<meta property=\"og:image:height\" content=\"800\" \/>\n\t<meta property=\"og:image:type\" content=\"image\/png\" \/>\n<meta name=\"twitter:card\" content=\"summary_large_image\" \/>\n<script type=\"application\/ld+json\" class=\"yoast-schema-graph\">{\"@context\":\"https:\\\/\\\/schema.org\",\"@graph\":[{\"@type\":\"WebPage\",\"@id\":\"https:\\\/\\\/astei.com\\\/de\\\/regala\\\/tarjeta-regalo-ea-astei\\\/\",\"url\":\"https:\\\/\\\/astei.com\\\/de\\\/regala\\\/tarjeta-regalo-ea-astei\\\/\",\"name\":\"Tarjetas regalo de las casas de Ea Astei - Las Casas de Ea Astei\",\"isPartOf\":{\"@id\":\"https:\\\/\\\/astei.com\\\/de\\\/#website\"},\"primaryImageOfPage\":{\"@id\":\"https:\\\/\\\/astei.com\\\/de\\\/regala\\\/tarjeta-regalo-ea-astei\\\/#primaryimage\"},\"image\":{\"@id\":\"https:\\\/\\\/astei.com\\\/de\\\/regala\\\/tarjeta-regalo-ea-astei\\\/#primaryimage\"},\"thumbnailUrl\":\"https:\\\/\\\/astei.com\\\/wp-content\\\/uploads\\\/2022\\\/11\\\/Bono-Ametsa-1200.png\",\"datePublished\":\"2024-04-08T18:00:04+00:00\",\"dateModified\":\"2025-03-24T13:19:28+00:00\",\"description\":\"Elige el alojamiento de las casas de Ea Astei que quieres regalar a la persona o persona que m\u00e1s quieres. Una tarjeta regalo es un seguro de felicidad.\",\"breadcrumb\":{\"@id\":\"https:\\\/\\\/astei.com\\\/de\\\/regala\\\/tarjeta-regalo-ea-astei\\\/#breadcrumb\"},\"inLanguage\":\"de\",\"potentialAction\":[{\"@type\":\"ReadAction\",\"target\":[\"https:\\\/\\\/astei.com\\\/de\\\/regala\\\/tarjeta-regalo-ea-astei\\\/\"]}]},{\"@type\":\"ImageObject\",\"inLanguage\":\"de\",\"@id\":\"https:\\\/\\\/astei.com\\\/de\\\/regala\\\/tarjeta-regalo-ea-astei\\\/#primaryimage\",\"url\":\"https:\\\/\\\/astei.com\\\/wp-content\\\/uploads\\\/2022\\\/11\\\/Bono-Ametsa-1200.png\",\"contentUrl\":\"https:\\\/\\\/astei.com\\\/wp-content\\\/uploads\\\/2022\\\/11\\\/Bono-Ametsa-1200.png\",\"width\":1200,\"height\":800,\"caption\":\"Bono Ametsa, dos noches en las casas de Astei\"},{\"@type\":\"BreadcrumbList\",\"@id\":\"https:\\\/\\\/astei.com\\\/de\\\/regala\\\/tarjeta-regalo-ea-astei\\\/#breadcrumb\",\"itemListElement\":[{\"@type\":\"ListItem\",\"position\":1,\"name\":\"Cover\",\"item\":\"https:\\\/\\\/astei.com\\\/de\\\/\"},{\"@type\":\"ListItem\",\"position\":2,\"name\":\"Geschenkgutscheine\",\"item\":\"https:\\\/\\\/astei.com\\\/de\\\/geschenkgutscheine\\\/\"},{\"@type\":\"ListItem\",\"position\":3,\"name\":\"Tarjetas regalo de las casas de Ea Astei\"}]},{\"@type\":\"WebSite\",\"@id\":\"https:\\\/\\\/astei.com\\\/de\\\/#website\",\"url\":\"https:\\\/\\\/astei.com\\\/de\\\/\",\"name\":\"Las Casas de Ea Astei\",\"description\":\"Tus alojamientos rurales perfectos en el para\u00edso de Urdaibai\",\"publisher\":{\"@id\":\"https:\\\/\\\/astei.com\\\/de\\\/#organization\"},\"alternateName\":\"Tourist accommodations in Basque Country\",\"potentialAction\":[{\"@type\":\"SearchAction\",\"target\":{\"@type\":\"EntryPoint\",\"urlTemplate\":\"https:\\\/\\\/astei.com\\\/de\\\/?s={search_term_string}\"},\"query-input\":{\"@type\":\"PropertyValueSpecification\",\"valueRequired\":true,\"valueName\":\"search_term_string\"}}],\"inLanguage\":\"de\"},{\"@type\":\"Organization\",\"@id\":\"https:\\\/\\\/astei.com\\\/de\\\/#organization\",\"name\":\"The Houses of Ea Astei\",\"alternateName\":\"Tourist accommodations in Basque Country\",\"url\":\"https:\\\/\\\/astei.com\\\/de\\\/\",\"logo\":{\"@type\":\"ImageObject\",\"inLanguage\":\"de\",\"@id\":\"https:\\\/\\\/astei.com\\\/de\\\/#\\\/schema\\\/logo\\\/image\\\/\",\"url\":\"https:\\\/\\\/i0.wp.com\\\/astei.com\\\/wp-content\\\/uploads\\\/2019\\\/02\\\/Logo-Astei-Negro.png?fit=164%2C108&ssl=1\",\"contentUrl\":\"https:\\\/\\\/i0.wp.com\\\/astei.com\\\/wp-content\\\/uploads\\\/2019\\\/02\\\/Logo-Astei-Negro.png?fit=164%2C108&ssl=1\",\"width\":164,\"height\":108,\"caption\":\"The Houses of Ea Astei\"},\"image\":{\"@id\":\"https:\\\/\\\/astei.com\\\/de\\\/#\\\/schema\\\/logo\\\/image\\\/\"},\"sameAs\":[\"https:\\\/\\\/www.facebook.com\\\/EAASTEI\",\"https:\\\/\\\/www.instagram.com\\\/eaastei\\\/\",\"https:\\\/\\\/www.linkedin.com\\\/in\\\/ea-astei-casa-rural-74004636\\\/\"]}]}<\/script>\n<!-- \/ Yoast SEO plugin. -->","yoast_head_json":{"title":"Tarjetas regalo de las casas de Ea Astei - Las Casas de Ea Astei","description":"Elige el alojamiento de las casas de Ea Astei que quieres regalar a la persona o persona que m\u00e1s quieres. Una tarjeta regalo es un seguro de felicidad.","robots":{"index":"noindex","follow":"follow"},"og_locale":"de_DE","og_type":"article","og_title":"Tarjetas regalo de las casas de Ea Astei - Las Casas de Ea Astei","og_description":"Elige el alojamiento de las casas de Ea Astei que quieres regalar a la persona o persona que m\u00e1s quieres. Una tarjeta regalo es un seguro de felicidad.","og_url":"https:\/\/astei.com\/de\/regala\/tarjeta-regalo-ea-astei\/","og_site_name":"Las Casas de Ea Astei","article_publisher":"https:\/\/www.facebook.com\/EAASTEI","article_modified_time":"2025-03-24T13:19:28+00:00","og_image":[{"width":1200,"height":800,"url":"https:\/\/astei.com\/wp-content\/uploads\/2022\/11\/Bono-Ametsa-1200.png","type":"image\/png"}],"twitter_card":"summary_large_image","schema":{"@context":"https:\/\/schema.org","@graph":[{"@type":"WebPage","@id":"https:\/\/astei.com\/de\/regala\/tarjeta-regalo-ea-astei\/","url":"https:\/\/astei.com\/de\/regala\/tarjeta-regalo-ea-astei\/","name":"Tarjetas regalo de las casas de Ea Astei - Las Casas de Ea Astei","isPartOf":{"@id":"https:\/\/astei.com\/de\/#website"},"primaryImageOfPage":{"@id":"https:\/\/astei.com\/de\/regala\/tarjeta-regalo-ea-astei\/#primaryimage"},"image":{"@id":"https:\/\/astei.com\/de\/regala\/tarjeta-regalo-ea-astei\/#primaryimage"},"thumbnailUrl":"https:\/\/astei.com\/wp-content\/uploads\/2022\/11\/Bono-Ametsa-1200.png","datePublished":"2024-04-08T18:00:04+00:00","dateModified":"2025-03-24T13:19:28+00:00","description":"Elige el alojamiento de las casas de Ea Astei que quieres regalar a la persona o persona que m\u00e1s quieres. Una tarjeta regalo es un seguro de felicidad.","breadcrumb":{"@id":"https:\/\/astei.com\/de\/regala\/tarjeta-regalo-ea-astei\/#breadcrumb"},"inLanguage":"de","potentialAction":[{"@type":"ReadAction","target":["https:\/\/astei.com\/de\/regala\/tarjeta-regalo-ea-astei\/"]}]},{"@type":"ImageObject","inLanguage":"de","@id":"https:\/\/astei.com\/de\/regala\/tarjeta-regalo-ea-astei\/#primaryimage","url":"https:\/\/astei.com\/wp-content\/uploads\/2022\/11\/Bono-Ametsa-1200.png","contentUrl":"https:\/\/astei.com\/wp-content\/uploads\/2022\/11\/Bono-Ametsa-1200.png","width":1200,"height":800,"caption":"Bono Ametsa, dos noches en las casas de Astei"},{"@type":"BreadcrumbList","@id":"https:\/\/astei.com\/de\/regala\/tarjeta-regalo-ea-astei\/#breadcrumb","itemListElement":[{"@type":"ListItem","position":1,"name":"Cover","item":"https:\/\/astei.com\/de\/"},{"@type":"ListItem","position":2,"name":"Geschenkgutscheine","item":"https:\/\/astei.com\/de\/geschenkgutscheine\/"},{"@type":"ListItem","position":3,"name":"Tarjetas regalo de las casas de Ea Astei"}]},{"@type":"WebSite","@id":"https:\/\/astei.com\/de\/#website","url":"https:\/\/astei.com\/de\/","name":"Las Casas de Ea Astei","description":"Tus alojamientos rurales perfectos en el para\u00edso de Urdaibai","publisher":{"@id":"https:\/\/astei.com\/de\/#organization"},"alternateName":"Tourist accommodations in Basque Country","potentialAction":[{"@type":"SearchAction","target":{"@type":"EntryPoint","urlTemplate":"https:\/\/astei.com\/de\/?s={search_term_string}"},"query-input":{"@type":"PropertyValueSpecification","valueRequired":true,"valueName":"search_term_string"}}],"inLanguage":"de"},{"@type":"Organization","@id":"https:\/\/astei.com\/de\/#organization","name":"The Houses of Ea Astei","alternateName":"Tourist accommodations in Basque Country","url":"https:\/\/astei.com\/de\/","logo":{"@type":"ImageObject","inLanguage":"de","@id":"https:\/\/astei.com\/de\/#\/schema\/logo\/image\/","url":"https:\/\/i0.wp.com\/astei.com\/wp-content\/uploads\/2019\/02\/Logo-Astei-Negro.png?fit=164%2C108&ssl=1","contentUrl":"https:\/\/i0.wp.com\/astei.com\/wp-content\/uploads\/2019\/02\/Logo-Astei-Negro.png?fit=164%2C108&ssl=1","width":164,"height":108,"caption":"The Houses of Ea Astei"},"image":{"@id":"https:\/\/astei.com\/de\/#\/schema\/logo\/image\/"},"sameAs":["https:\/\/www.facebook.com\/EAASTEI","https:\/\/www.instagram.com\/eaastei\/","https:\/\/www.linkedin.com\/in\/ea-astei-casa-rural-74004636\/"]}]}},"_links":{"self":[{"href":"https:\/\/astei.com\/de\/wp-json\/wp\/v2\/product\/17900","targetHints":{"allow":["GET"]}}],"collection":[{"href":"https:\/\/astei.com\/de\/wp-json\/wp\/v2\/product"}],"about":[{"href":"https:\/\/astei.com\/de\/wp-json\/wp\/v2\/types\/product"}],"version-history":[{"count":0,"href":"https:\/\/astei.com\/de\/wp-json\/wp\/v2\/product\/17900\/revisions"}],"wp:featuredmedia":[{"embeddable":true,"href":"https:\/\/astei.com\/de\/wp-json\/wp\/v2\/media\/16248"}],"wp:attachment":[{"href":"https:\/\/astei.com\/de\/wp-json\/wp\/v2\/media?parent=17900"}],"wp:term":[{"taxonomy":"product_brand","embeddable":true,"href":"https:\/\/astei.com\/de\/wp-json\/wp\/v2\/product_brand?post=17900"},{"taxonomy":"product_cat","embeddable":true,"href":"https:\/\/astei.com\/de\/wp-json\/wp\/v2\/product_cat?post=17900"},{"taxonomy":"product_tag","embeddable":true,"href":"https:\/\/astei.com\/de\/wp-json\/wp\/v2\/product_tag?post=17900"}],"curies":[{"name":"wp","href":"https:\/\/api.w.org\/{rel}","templated":true}]}}