{"id":20657,"date":"2026-04-14T23:33:07","date_gmt":"2026-04-14T21:33:07","guid":{"rendered":"https:\/\/astei.com\/?page_id=20657"},"modified":"2026-04-14T23:33:07","modified_gmt":"2026-04-14T21:33:07","slug":"beispielseite","status":"publish","type":"page","link":"https:\/\/astei.com\/de\/beispielseite\/","title":{"rendered":"Beispielseite"},"content":{"rendered":"<p>Dies ist eine Beispielseite. Sie unterscheidet sich von einem Blogbeitrag, da sie statisch ist und in der Navigation Ihrer Website (bei den meisten Themes) angezeigt wird. Viele beginnen mit einer \u201e\u00dcber mich\u201c-Seite, auf der sie sich potenziellen Website-Besuchern vorstellen. Sie k\u00f6nnte beispielsweise so aussehen:<\/p><blockquote class=\"wp-block-quote is-layout-flow wp-block-quote-is-layout-flow\"><p> Hallo! Ich bin tags\u00fcber Fahrradkurier, abends angehender Schauspieler, und das ist meine Website. Ich lebe in Los Angeles, habe einen tollen Hund namens Jack und mag Pi\u00f1a Coladas. (Und im Regen erwischt zu werden.)<\/p><\/blockquote><p> &#8230;oder so \u00e4hnlich:<\/p><blockquote class=\"wp-block-quote is-layout-flow wp-block-quote-is-layout-flow\"><p> Die XYZ Doohickey Company wurde 1971 gegr\u00fcndet und bietet seitdem hochwertige Doohickeys an. Das Unternehmen mit Sitz in Gotham City besch\u00e4ftigt \u00fcber 2.000 Mitarbeiter und engagiert sich auf vielf\u00e4ltige Weise f\u00fcr die Gemeinschaft von Gotham.<\/p><\/blockquote><p> Als neuer WordPress-Nutzer sollten Sie in <a href=\"https:\/\/astei.com\/wp-admin\/\">Ihrem Dashboard<\/a> diese Seite l\u00f6schen und neue Seiten f\u00fcr Ihre Inhalte erstellen. Viel Spa\u00df!<\/p>","protected":false},"excerpt":{"rendered":"<p>Dies ist eine Beispielseite. Sie unterscheidet sich von einem Blogbeitrag, da sie statisch ist und in der Navigation Ihrer Website (bei den meisten Themes) angezeigt wird. Viele beginnen mit einer \u201e\u00dcber mich\u201c-Seite, auf der sie sich potenziellen Website-Besuchern vorstellen. Sie k\u00f6nnte beispielsweise so aussehen: Hallo! Ich bin tags\u00fcber Fahrradkurier, abends angehender Schauspieler, und das ist [&hellip;]<\/p>\n","protected":false},"author":18,"featured_media":0,"parent":0,"menu_order":0,"comment_status":"closed","ping_status":"open","template":"","meta":{"_acf_changed":false,"_joinchat":[],"footnotes":""},"categories":[],"tags":[],"class_list":["post-20657","page","type-page","status-publish","hentry"],"acf":[],"yoast_head":"<!-- This site is optimized with the Yoast SEO plugin v27.4 - https:\/\/yoast.com\/product\/yoast-seo-wordpress\/ -->\n<title>Beispielseite - Las Casas de Ea Astei<\/title>\n<meta name=\"robots\" content=\"noindex, nofollow\" \/>\n<meta property=\"og:locale\" content=\"de_DE\" \/>\n<meta property=\"og:type\" content=\"article\" \/>\n<meta property=\"og:title\" content=\"Beispielseite - Las Casas de Ea Astei\" \/>\n<meta property=\"og:description\" content=\"Dies ist eine Beispielseite. Sie unterscheidet sich von einem Blogbeitrag, da sie statisch ist und in der Navigation Ihrer Website (bei den meisten Themes) angezeigt wird. Viele beginnen mit einer \u201e\u00dcber mich\u201c-Seite, auf der sie sich potenziellen Website-Besuchern vorstellen. Sie k\u00f6nnte beispielsweise so aussehen: Hallo! Ich bin tags\u00fcber Fahrradkurier, abends angehender Schauspieler, und das ist [&hellip;]\" \/>\n<meta property=\"og:url\" content=\"https:\/\/astei.com\/de\/beispielseite\/\" \/>\n<meta property=\"og:site_name\" content=\"Las Casas de Ea Astei\" \/>\n<meta property=\"article:publisher\" content=\"https:\/\/www.facebook.com\/EAASTEI\" \/>\n<meta name=\"twitter:card\" content=\"summary_large_image\" \/>\n<script type=\"application\/ld+json\" class=\"yoast-schema-graph\">{\"@context\":\"https:\\\/\\\/schema.org\",\"@graph\":[{\"@type\":\"WebPage\",\"@id\":\"https:\\\/\\\/astei.com\\\/de\\\/beispielseite\\\/\",\"url\":\"https:\\\/\\\/astei.com\\\/de\\\/beispielseite\\\/\",\"name\":\"Beispielseite - Las Casas de Ea Astei\",\"isPartOf\":{\"@id\":\"https:\\\/\\\/astei.com\\\/de\\\/#website\"},\"datePublished\":\"2026-04-14T21:33:07+00:00\",\"breadcrumb\":{\"@id\":\"https:\\\/\\\/astei.com\\\/de\\\/beispielseite\\\/#breadcrumb\"},\"inLanguage\":\"de\",\"potentialAction\":[{\"@type\":\"ReadAction\",\"target\":[\"https:\\\/\\\/astei.com\\\/de\\\/beispielseite\\\/\"]}]},{\"@type\":\"BreadcrumbList\",\"@id\":\"https:\\\/\\\/astei.com\\\/de\\\/beispielseite\\\/#breadcrumb\",\"itemListElement\":[{\"@type\":\"ListItem\",\"position\":1,\"name\":\"Cover\",\"item\":\"https:\\\/\\\/astei.com\\\/de\\\/?page_id=21125\"},{\"@type\":\"ListItem\",\"position\":2,\"name\":\"Beispielseite\"}]},{\"@type\":\"WebSite\",\"@id\":\"https:\\\/\\\/astei.com\\\/de\\\/#website\",\"url\":\"https:\\\/\\\/astei.com\\\/de\\\/\",\"name\":\"Las Casas de Ea Astei\",\"description\":\"Tus alojamientos rurales perfectos en el para\u00edso de Urdaibai\",\"publisher\":{\"@id\":\"https:\\\/\\\/astei.com\\\/de\\\/#organization\"},\"alternateName\":\"Tourist accommodations in Basque Country\",\"potentialAction\":[{\"@type\":\"SearchAction\",\"target\":{\"@type\":\"EntryPoint\",\"urlTemplate\":\"https:\\\/\\\/astei.com\\\/de\\\/?s={search_term_string}\"},\"query-input\":{\"@type\":\"PropertyValueSpecification\",\"valueRequired\":true,\"valueName\":\"search_term_string\"}}],\"inLanguage\":\"de\"},{\"@type\":\"Organization\",\"@id\":\"https:\\\/\\\/astei.com\\\/de\\\/#organization\",\"name\":\"The Houses of Ea Astei\",\"alternateName\":\"Tourist accommodations in Basque Country\",\"url\":\"https:\\\/\\\/astei.com\\\/de\\\/\",\"logo\":{\"@type\":\"ImageObject\",\"inLanguage\":\"de\",\"@id\":\"https:\\\/\\\/astei.com\\\/de\\\/#\\\/schema\\\/logo\\\/image\\\/\",\"url\":\"https:\\\/\\\/i0.wp.com\\\/astei.com\\\/wp-content\\\/uploads\\\/2019\\\/02\\\/Logo-Astei-Negro.png?fit=164%2C108&ssl=1\",\"contentUrl\":\"https:\\\/\\\/i0.wp.com\\\/astei.com\\\/wp-content\\\/uploads\\\/2019\\\/02\\\/Logo-Astei-Negro.png?fit=164%2C108&ssl=1\",\"width\":164,\"height\":108,\"caption\":\"The Houses of Ea Astei\"},\"image\":{\"@id\":\"https:\\\/\\\/astei.com\\\/de\\\/#\\\/schema\\\/logo\\\/image\\\/\"},\"sameAs\":[\"https:\\\/\\\/www.facebook.com\\\/EAASTEI\",\"https:\\\/\\\/www.instagram.com\\\/eaastei\\\/\",\"https:\\\/\\\/www.linkedin.com\\\/in\\\/ea-astei-casa-rural-74004636\\\/\"]}]}<\/script>\n<!-- \/ Yoast SEO plugin. -->","yoast_head_json":{"title":"Beispielseite - Las Casas de Ea Astei","robots":{"index":"noindex","follow":"nofollow"},"og_locale":"de_DE","og_type":"article","og_title":"Beispielseite - Las Casas de Ea Astei","og_description":"Dies ist eine Beispielseite. Sie unterscheidet sich von einem Blogbeitrag, da sie statisch ist und in der Navigation Ihrer Website (bei den meisten Themes) angezeigt wird. Viele beginnen mit einer \u201e\u00dcber mich\u201c-Seite, auf der sie sich potenziellen Website-Besuchern vorstellen. Sie k\u00f6nnte beispielsweise so aussehen: Hallo! Ich bin tags\u00fcber Fahrradkurier, abends angehender Schauspieler, und das ist [&hellip;]","og_url":"https:\/\/astei.com\/de\/beispielseite\/","og_site_name":"Las Casas de Ea Astei","article_publisher":"https:\/\/www.facebook.com\/EAASTEI","twitter_card":"summary_large_image","schema":{"@context":"https:\/\/schema.org","@graph":[{"@type":"WebPage","@id":"https:\/\/astei.com\/de\/beispielseite\/","url":"https:\/\/astei.com\/de\/beispielseite\/","name":"Beispielseite - Las Casas de Ea Astei","isPartOf":{"@id":"https:\/\/astei.com\/de\/#website"},"datePublished":"2026-04-14T21:33:07+00:00","breadcrumb":{"@id":"https:\/\/astei.com\/de\/beispielseite\/#breadcrumb"},"inLanguage":"de","potentialAction":[{"@type":"ReadAction","target":["https:\/\/astei.com\/de\/beispielseite\/"]}]},{"@type":"BreadcrumbList","@id":"https:\/\/astei.com\/de\/beispielseite\/#breadcrumb","itemListElement":[{"@type":"ListItem","position":1,"name":"Cover","item":"https:\/\/astei.com\/de\/?page_id=21125"},{"@type":"ListItem","position":2,"name":"Beispielseite"}]},{"@type":"WebSite","@id":"https:\/\/astei.com\/de\/#website","url":"https:\/\/astei.com\/de\/","name":"Las Casas de Ea Astei","description":"Tus alojamientos rurales perfectos en el para\u00edso de Urdaibai","publisher":{"@id":"https:\/\/astei.com\/de\/#organization"},"alternateName":"Tourist accommodations in Basque Country","potentialAction":[{"@type":"SearchAction","target":{"@type":"EntryPoint","urlTemplate":"https:\/\/astei.com\/de\/?s={search_term_string}"},"query-input":{"@type":"PropertyValueSpecification","valueRequired":true,"valueName":"search_term_string"}}],"inLanguage":"de"},{"@type":"Organization","@id":"https:\/\/astei.com\/de\/#organization","name":"The Houses of Ea Astei","alternateName":"Tourist accommodations in Basque Country","url":"https:\/\/astei.com\/de\/","logo":{"@type":"ImageObject","inLanguage":"de","@id":"https:\/\/astei.com\/de\/#\/schema\/logo\/image\/","url":"https:\/\/i0.wp.com\/astei.com\/wp-content\/uploads\/2019\/02\/Logo-Astei-Negro.png?fit=164%2C108&ssl=1","contentUrl":"https:\/\/i0.wp.com\/astei.com\/wp-content\/uploads\/2019\/02\/Logo-Astei-Negro.png?fit=164%2C108&ssl=1","width":164,"height":108,"caption":"The Houses of Ea Astei"},"image":{"@id":"https:\/\/astei.com\/de\/#\/schema\/logo\/image\/"},"sameAs":["https:\/\/www.facebook.com\/EAASTEI","https:\/\/www.instagram.com\/eaastei\/","https:\/\/www.linkedin.com\/in\/ea-astei-casa-rural-74004636\/"]}]}},"_links":{"self":[{"href":"https:\/\/astei.com\/de\/wp-json\/wp\/v2\/pages\/20657","targetHints":{"allow":["GET"]}}],"collection":[{"href":"https:\/\/astei.com\/de\/wp-json\/wp\/v2\/pages"}],"about":[{"href":"https:\/\/astei.com\/de\/wp-json\/wp\/v2\/types\/page"}],"author":[{"embeddable":true,"href":"https:\/\/astei.com\/de\/wp-json\/wp\/v2\/users\/18"}],"replies":[{"embeddable":true,"href":"https:\/\/astei.com\/de\/wp-json\/wp\/v2\/comments?post=20657"}],"version-history":[{"count":0,"href":"https:\/\/astei.com\/de\/wp-json\/wp\/v2\/pages\/20657\/revisions"}],"wp:attachment":[{"href":"https:\/\/astei.com\/de\/wp-json\/wp\/v2\/media?parent=20657"}],"wp:term":[{"taxonomy":"category","embeddable":true,"href":"https:\/\/astei.com\/de\/wp-json\/wp\/v2\/categories?post=20657"},{"taxonomy":"post_tag","embeddable":true,"href":"https:\/\/astei.com\/de\/wp-json\/wp\/v2\/tags?post=20657"}],"curies":[{"name":"wp","href":"https:\/\/api.w.org\/{rel}","templated":true}]}}