{"id":20655,"date":"2026-04-14T23:33:07","date_gmt":"2026-04-14T21:33:07","guid":{"rendered":"https:\/\/astei.com\/?page_id=20655"},"modified":"2026-04-14T23:33:07","modified_gmt":"2026-04-14T21:33:07","slug":"direktbuchung","status":"publish","type":"page","link":"https:\/\/astei.com\/de\/direktbuchung\/","title":{"rendered":"Direktbuchung"},"content":{"rendered":"\t\t<div data-elementor-type=\"wp-page\" data-elementor-id=\"20655\" class=\"elementor elementor-20655 elementor-3144\" data-elementor-post-type=\"page\">\n\t\t\t\t<div data-dce-background-image-url=\"https:\/\/astei.com\/wp-content\/uploads\/2022\/02\/casas-de-asteiat10.38.41.png\" class=\"elementor-element elementor-element-dcaac88 e-flex e-con-boxed e-con e-parent\" data-id=\"dcaac88\" data-element_type=\"container\" data-e-type=\"container\" data-settings=\"{&quot;background_background&quot;:&quot;classic&quot;}\">\n\t\t\t\t\t<div class=\"e-con-inner\">\n\t\t<div class=\"elementor-element elementor-element-f9b41a8 e-con-full e-flex e-con e-child\" data-id=\"f9b41a8\" data-element_type=\"container\" data-e-type=\"container\" data-settings=\"{&quot;background_background&quot;:&quot;classic&quot;}\">\n\t\t\t\t<div class=\"elementor-element elementor-element-d676649 elementor-widget elementor-widget-heading\" data-id=\"d676649\" data-element_type=\"widget\" data-e-type=\"widget\" data-widget_type=\"heading.default\">\n\t\t\t\t\t<h1 class=\"elementor-heading-title elementor-size-large\">Reservierungen<\/h1>\t\t\t\t<\/div>\n\t\t\t\t<div class=\"elementor-element elementor-element-f923eba elementor-widget elementor-widget-text-editor\" data-id=\"f923eba\" data-element_type=\"widget\" data-e-type=\"widget\" data-widget_type=\"text-editor.default\">\n\t\t\t\t\t\t\t\t\t<p>Buchen Sie direkt bei uns und sichern Sie sich den besten Preis&#8230;<\/p><p> Garantiert!<\/p>\t\t\t\t\t\t\t\t<\/div>\n\t\t\t\t<\/div>\n\t\t<div class=\"elementor-element elementor-element-6776e16 e-con-full e-flex e-con e-child\" data-id=\"6776e16\" data-element_type=\"container\" data-e-type=\"container\">\n\t\t\t\t<div class=\"elementor-element elementor-element-32abc2d elementor-widget elementor-widget-image\" data-id=\"32abc2d\" data-element_type=\"widget\" data-e-type=\"widget\" data-widget_type=\"image.default\">\n\t\t\t\t\t\t\t\t\t\t\t\t\t\t\t<img fetchpriority=\"high\" decoding=\"async\" width=\"418\" height=\"585\" src=\"https:\/\/astei.com\/wp-content\/uploads\/2024\/12\/trustindex.png\" class=\"attachment-large size-large wp-image-19455\" alt=\"Las casas de Ea Astei - Trustindex\" srcset=\"https:\/\/astei.com\/wp-content\/uploads\/2024\/12\/trustindex.png 418w, https:\/\/astei.com\/wp-content\/uploads\/2024\/12\/trustindex-214x300.png 214w\" sizes=\"(max-width: 418px) 100vw, 418px\" \/>\t\t\t\t\t\t\t\t\t\t\t\t\t\t\t<\/div>\n\t\t\t\t<\/div>\n\t\t\t\t\t<\/div>\n\t\t\t\t<\/div>\n\t\t<div class=\"elementor-element elementor-element-0008568 e-flex e-con-boxed e-con e-parent\" data-id=\"0008568\" data-element_type=\"container\" data-e-type=\"container\" data-settings=\"{&quot;background_background&quot;:&quot;classic&quot;}\">\n\t\t\t\t\t<div class=\"e-con-inner\">\n\t\t<div class=\"elementor-element elementor-element-8baf5e1 e-con-full e-flex e-con e-child\" data-id=\"8baf5e1\" data-element_type=\"container\" data-e-type=\"container\">\n\t\t\t\t<div class=\"elementor-element elementor-element-35b1457 elementor-widget elementor-widget-image\" data-id=\"35b1457\" data-element_type=\"widget\" data-e-type=\"widget\" data-widget_type=\"image.default\">\n\t\t\t\t\t\t\t\t\t\t\t\t\t\t\t<img decoding=\"async\" width=\"800\" height=\"800\" src=\"https:\/\/astei.com\/wp-content\/uploads\/2024\/03\/regalo-piscina-1024x1024.png\" class=\"attachment-large size-large wp-image-17099\" alt=\"Las Casas de Ea Astei, Urdaibai\" srcset=\"https:\/\/astei.com\/wp-content\/uploads\/2024\/03\/regalo-piscina-1024x1024.png 1024w, https:\/\/astei.com\/wp-content\/uploads\/2024\/03\/regalo-piscina-300x300.png 300w, https:\/\/astei.com\/wp-content\/uploads\/2024\/03\/regalo-piscina-150x150.png 150w, https:\/\/astei.com\/wp-content\/uploads\/2024\/03\/regalo-piscina-768x768.png 768w, https:\/\/astei.com\/wp-content\/uploads\/2024\/03\/regalo-piscina-600x600.png 600w, https:\/\/astei.com\/wp-content\/uploads\/2024\/03\/regalo-piscina-100x100.png 100w, https:\/\/astei.com\/wp-content\/uploads\/2024\/03\/regalo-piscina.png 1200w\" sizes=\"(max-width: 800px) 100vw, 800px\" \/>\t\t\t\t\t\t\t\t\t\t\t\t\t\t\t<\/div>\n\t\t\t\t<\/div>\n\t\t<div class=\"elementor-element elementor-element-8603567 e-con-full e-flex e-con e-child\" data-id=\"8603567\" data-element_type=\"container\" data-e-type=\"container\" data-settings=\"{&quot;background_background&quot;:&quot;classic&quot;}\">\n\t\t\t\t<div class=\"elementor-element elementor-element-3d73c71 elementor-widget elementor-widget-text-editor\" data-id=\"3d73c71\" data-element_type=\"widget\" data-e-type=\"widget\" data-widget_type=\"text-editor.default\">\n\t\t\t\t\t\t\t\t\t<p>Buchen Sie direkt auf unserer Website und Sie erhalten garantiert den besten Preis f\u00fcr Ihren perfekten Urlaub im Baskenland.<\/p><p> W\u00e4hlen Sie das Haus aus, das Sie buchen m\u00f6chten, sowie die An- und Abreisedaten, und freuen Sie sich auf Ihren Aufenthalt.<\/p><p> In den H\u00e4usern von Ea Astei&#8230; Gl\u00fcck ohne Vermittler!<\/p>\t\t\t\t\t\t\t\t<\/div>\n\t\t\t\t<\/div>\n\t\t\t\t\t<\/div>\n\t\t\t\t<\/div>\n\t\t<div class=\"elementor-element elementor-element-5d218c8 e-con-full e-flex e-con e-parent\" data-id=\"5d218c8\" data-element_type=\"container\" data-e-type=\"container\">\n\t\t<div class=\"elementor-element elementor-element-c5bdad7 e-con-full e-flex e-con e-child\" data-id=\"c5bdad7\" data-element_type=\"container\" data-e-type=\"container\">\n\t\t\t\t<div class=\"elementor-element elementor-element-16f33d1 elementor-widget__width-inherit elementor-widget elementor-widget-html\" data-id=\"16f33d1\" data-element_type=\"widget\" data-e-type=\"widget\" data-widget_type=\"html.default\">\n\t\t\t\t\t<script type=\"text\/javascript\" src=\"https:\/\/www.mrplan.es\/experiencias\/modulos\/TWidget\/lib\/TWidgetInc.php\"><\/script>\t\t\t\t<\/div>\n\t\t\t\t<\/div>\n\t\t\t\t<\/div>\n\t\t<div class=\"elementor-element elementor-element-1583ed6 e-flex e-con-boxed e-con e-parent\" data-id=\"1583ed6\" data-element_type=\"container\" data-e-type=\"container\" data-settings=\"{&quot;background_background&quot;:&quot;classic&quot;}\">\n\t\t\t\t\t<div class=\"e-con-inner\">\n\t\t\t\t<div class=\"elementor-element elementor-element-101d2a6 elementor-widget elementor-widget-text-editor\" data-id=\"101d2a6\" data-element_type=\"widget\" data-e-type=\"widget\" data-widget_type=\"text-editor.default\">\n\t\t\t\t\t\t\t\t\t<p>Buchen Sie bei uns zum garantiert besten Preis.<\/p>\t\t\t\t\t\t\t\t<\/div>\n\t\t\t\t<div class=\"elementor-element elementor-element-c0c181b elementor-widget elementor-widget-shortcode\" data-id=\"c0c181b\" data-element_type=\"widget\" data-e-type=\"widget\" data-widget_type=\"shortcode.default\">\n\t\t\t\t\t\t\t<div class=\"elementor-shortcode\">        <style>\r\n.avc-calendar.avc-calendar-1 {\r\n    background-color: rgba(255, 255, 255, 0);\r\n    border-width: 0px;\r\n    border-color: rgba(0,0,0,1);\r\n    border-radius: 10px;\r\n}\r\n\r\n.avc-calendar.avc-calendar-1 > .avc-input {\r\n    background-color: rgba(255,255,255,1);\r\n    border-width: 0px;\r\n    border-color: rgba(0.73, 0.73, 0.73, 0);\r\n    border-radius: 4px;\r\n    color: rgba(0.72, 0.73, 0.73, 1);\r\n    font-size: 14px;\r\n}\r\n\r\n\/* Separated because of this: https:\/\/stackoverflow.com\/a\/39155868 *\/\r\n.avc-calendar.avc-calendar-1 input::placeholder {\r\n    color: inherit;\r\n    font-size: inherit;\r\n}\r\n.avc-calendar.avc-calendar-1 input::-moz-placeholder {\r\n    color: inherit;\r\n    font-size: inherit;\r\n}\r\n.avc-calendar.avc-calendar-1 input::-webkit-input-placeholder {\r\n    color: inherit;\r\n    font-size: inherit;\r\n}\r\n.avc-calendar.avc-calendar-1 input:-ms-input-placeholder {\r\n    color: inherit;\r\n    font-size: inherit;\r\n}\r\n.avc-calendar.avc-calendar-1 input::-ms-input-placeholder {\r\n    color: inherit;\r\n    font-size: inherit;\r\n}\r\n\r\n.avc-calendar.avc-calendar-1 > .avc-button {\r\n    background-color: rgba(0.73, 0.73, 0.73, 1);\r\n    border-width: 0px;\r\n    border-color: rgba(0.73, 0.73, 0.73, 0);\r\n    border-radius: 0px;\r\n    color: rgba(255, 255, 255, 1);\r\n    font-size: 14px;\r\n}\r\n\r\n.avc-calendar.avc-calendar-1 > .avc-button:hover {\r\n    background-color: rgba(13,13,13,1);\r\n}\r\n\r\n.avc-datepicker.avc-datepicker-1 .ui-state-highlight {\r\n  border: 1px solid rgba(0.73, 0.73, 0.73, 1);\r\n  color: rgba(0.73, 0.73, 0.73, 1);\r\n}\r\n\r\n.avc-datepicker.avc-datepicker-1 .ui-state-highlight:not(.ui-state-active):hover {\r\n  background-color: rgba(217,217,217,1);\r\n}\r\n\r\n.avc-datepicker.avc-datepicker-1.ui-datepicker table > tbody > tr > td > a.ui-state-active.ui-state-default {\r\n  border: 1px solid rgba(0.73, 0.73, 0.73, 1) !important;\r\n  background-color: rgba(0.73, 0.73, 0.73, 1) !important;\r\n  color: rgba(255, 255, 255, 1) !important;\r\n}\r\n<\/style>\r\n        \r\n<div class=\"avc-calendar avc-calendar-1  avc-calendar-spacing \" data-id=\"1\" id=\"avc-1\" data-categories=\"[{&quot;id&quot;:&quot;31&quot;,&quot;establishment_id&quot;:&quot;1&quot;,&quot;name&quot;:&quot;Ea Astei -  OKANA&quot;},{&quot;id&quot;:&quot;57&quot;,&quot;establishment_id&quot;:&quot;1&quot;,&quot;name&quot;:&quot;Ea Astei - Etxola&quot;},{&quot;id&quot;:&quot;49&quot;,&quot;establishment_id&quot;:&quot;1&quot;,&quot;name&quot;:&quot;Ea Astei-AMETSA&quot;},{&quot;id&quot;:&quot;52&quot;,&quot;establishment_id&quot;:&quot;1&quot;,&quot;name&quot;:&quot;Ea Astei-GANBARA&quot;},{&quot;id&quot;:&quot;34&quot;,&quot;establishment_id&quot;:&quot;1&quot;,&quot;name&quot;:&quot;Ea Astei-GARAIXE&quot;},{&quot;id&quot;:&quot;43&quot;,&quot;establishment_id&quot;:&quot;1&quot;,&quot;name&quot;:&quot;Ea Astei-HARRIA&quot;},{&quot;id&quot;:&quot;40&quot;,&quot;establishment_id&quot;:&quot;1&quot;,&quot;name&quot;:&quot;Ea Astei-LURRA&quot;},{&quot;id&quot;:&quot;53&quot;,&quot;establishment_id&quot;:&quot;1&quot;,&quot;name&quot;:&quot;Ea Astei-Sabai&quot;},{&quot;id&quot;:&quot;46&quot;,&quot;establishment_id&quot;:&quot;1&quot;,&quot;name&quot;:&quot;Ea Astei-TXORIA&quot;},{&quot;id&quot;:&quot;28&quot;,&quot;establishment_id&quot;:&quot;1&quot;,&quot;name&quot;:&quot;Ea Astei-VITA&quot;}]\" data-lang=\"de\">\r\n    <select\r\n        class=\"avc-input avc-establishment avc-establishment-1  avc-calendar-spacing \" style=\"display: none;\"\r\n        data-single=\"1\"\r\n        data-default-webcode=\"63578727\"\r\n    >\r\n        <option value=\"\">Establishments<\/option>\r\n                <option value=\"63578727\" data-id=\"1\">\r\n            EA-ASTEI &amp; HEMINGWAY Kanala        <\/option>\r\n            <\/select>\r\n        <label class=\"avc-input\">\r\n                    <i class=\"material-icons\">calendar_today<\/i>\r\n                <input type=\"text\" class=\"avc-arrival\" placeholder=\"Arrival\" readonly data-id=\"1\">\r\n    <\/label>\r\n    <label class=\"avc-input\">\r\n                    <i class=\"material-icons\">calendar_today<\/i>\r\n                <input type=\"text\" class=\"avc-departure\" placeholder=\"Departure\" readonly data-id=\"1\">\r\n    <\/label>\r\n    <label class=\"avc-input\" style=\"display: none;\">\r\n        <input type=\"text\" class=\"avc-promotion\" placeholder=\"Promo code\" value=\"\">\r\n    <\/label>\r\n    <button class=\"avc-button\" onclick=\"go_to_bengine(1)\" >Book<\/button>\r\n<\/div><\/div>\n\t\t\t\t\t\t<\/div>\n\t\t\t\t\t<\/div>\n\t\t\t\t<\/div>\n\t\t<div class=\"elementor-element elementor-element-5828154 e-flex e-con-boxed e-con e-parent\" data-id=\"5828154\" data-element_type=\"container\" data-e-type=\"container\">\n\t\t\t\t\t<div class=\"e-con-inner\">\n\t\t<div class=\"elementor-element elementor-element-ea9819c e-con-full e-flex e-con e-child\" data-id=\"ea9819c\" data-element_type=\"container\" data-e-type=\"container\">\n\t\t\t\t<div class=\"elementor-element elementor-element-c4fe6ae elementor-widget elementor-widget-heading\" data-id=\"c4fe6ae\" data-element_type=\"widget\" data-e-type=\"widget\" data-widget_type=\"heading.default\">\n\t\t\t\t\t<h2 class=\"elementor-heading-title elementor-size-default\">Meinungen<\/h2>\t\t\t\t<\/div>\n\t\t\t\t<div class=\"elementor-element elementor-element-63f9ce9 elementor-widget elementor-widget-text-editor\" data-id=\"63f9ce9\" data-element_type=\"widget\" data-e-type=\"widget\" data-widget_type=\"text-editor.default\">\n\t\t\t\t\t\t\t\t\t<p>Niemand kann Ihnen besser als unsere G\u00e4ste selbst von der Begeisterung f\u00fcr ihren Aufenthalt in den Casas de Ea Astei berichten. Vielen Dank, eskerrik asko.<\/p>\t\t\t\t\t\t\t\t<\/div>\n\t\t\t\t<\/div>\n\t\t\t\t\t<\/div>\n\t\t\t\t<\/div>\n\t\t<div class=\"elementor-element elementor-element-f73e014 e-flex e-con-boxed e-con e-parent\" data-id=\"f73e014\" data-element_type=\"container\" data-e-type=\"container\">\n\t\t\t\t\t<div class=\"e-con-inner\">\n\t\t<div class=\"elementor-element elementor-element-f664a1e e-con-full e-flex e-con e-child\" data-id=\"f664a1e\" data-element_type=\"container\" data-e-type=\"container\">\n\t\t\t\t<\/div>\n\t\t\t\t\t<\/div>\n\t\t\t\t<\/div>\n\t\t\t\t<\/div>\n\t\t","protected":false},"excerpt":{"rendered":"<p>Reservas Reserva directamente con nosotros y obt\u00e9n el mejor precio&#8230; \u00a1garantizado! Haz tu reserva directa en nuestra web, tendr\u00e1s el mejor precio garantizado para tus vacaciones perfectas en el Pa\u00eds Vasco. Selecciona la casa que quieres reservar, las fechas de entrada y de salida y prep\u00e1rate para disfrutar. En las Casas de Ea Astei&#8230; \u00a1felicidad [&hellip;]<\/p>\n","protected":false},"author":18,"featured_media":479,"parent":0,"menu_order":0,"comment_status":"closed","ping_status":"closed","template":"elementor_header_footer","meta":{"_acf_changed":false,"_joinchat":[],"footnotes":""},"categories":[],"tags":[],"class_list":["post-20655","page","type-page","status-publish","has-post-thumbnail","hentry"],"acf":[],"yoast_head":"<!-- This site is optimized with the Yoast SEO plugin v27.4 - https:\/\/yoast.com\/product\/yoast-seo-wordpress\/ -->\n<title>Direktbuchung - Las Casas de Ea Astei<\/title>\n<meta name=\"description\" content=\"Buchen Sie Ihr perfektes Landhaus in Urdaibai im Baskenland direkt beim Eigent\u00fcmer zum garantiert besten Preis.\" \/>\n<meta name=\"robots\" content=\"index, follow, max-snippet:-1, max-image-preview:large, max-video-preview:-1\" \/>\n<link rel=\"canonical\" href=\"https:\/\/astei.com\/de\/direktbuchung\/\" \/>\n<meta property=\"og:locale\" content=\"de_DE\" \/>\n<meta property=\"og:type\" content=\"article\" \/>\n<meta property=\"og:title\" content=\"Direktbuchung - Las Casas de Ea Astei\" \/>\n<meta property=\"og:description\" content=\"Buchen Sie Ihr perfektes Landhaus in Urdaibai im Baskenland direkt beim Eigent\u00fcmer zum garantiert besten Preis.\" \/>\n<meta property=\"og:url\" content=\"https:\/\/astei.com\/de\/direktbuchung\/\" \/>\n<meta property=\"og:site_name\" content=\"Las Casas de Ea Astei\" \/>\n<meta property=\"article:publisher\" content=\"https:\/\/www.facebook.com\/EAASTEI\" \/>\n<meta property=\"og:image\" content=\"https:\/\/astei.com\/wp-content\/uploads\/2021\/03\/Wellness-home-Astei.png\" \/>\n\t<meta property=\"og:image:width\" content=\"576\" \/>\n\t<meta property=\"og:image:height\" content=\"683\" \/>\n\t<meta property=\"og:image:type\" content=\"image\/png\" \/>\n<meta name=\"twitter:card\" content=\"summary_large_image\" \/>\n<script type=\"application\/ld+json\" class=\"yoast-schema-graph\">{\"@context\":\"https:\\\/\\\/schema.org\",\"@graph\":[{\"@type\":\"WebPage\",\"@id\":\"https:\\\/\\\/astei.com\\\/de\\\/direktbuchung\\\/\",\"url\":\"https:\\\/\\\/astei.com\\\/de\\\/direktbuchung\\\/\",\"name\":\"Direktbuchung - Las Casas de Ea Astei\",\"isPartOf\":{\"@id\":\"https:\\\/\\\/astei.com\\\/de\\\/#website\"},\"primaryImageOfPage\":{\"@id\":\"https:\\\/\\\/astei.com\\\/de\\\/direktbuchung\\\/#primaryimage\"},\"image\":{\"@id\":\"https:\\\/\\\/astei.com\\\/de\\\/direktbuchung\\\/#primaryimage\"},\"thumbnailUrl\":\"https:\\\/\\\/astei.com\\\/wp-content\\\/uploads\\\/2021\\\/03\\\/Wellness-home-Astei.png\",\"datePublished\":\"2026-04-14T21:33:07+00:00\",\"description\":\"Buchen Sie Ihr perfektes Landhaus in Urdaibai im Baskenland direkt beim Eigent\u00fcmer zum garantiert besten Preis.\",\"breadcrumb\":{\"@id\":\"https:\\\/\\\/astei.com\\\/de\\\/direktbuchung\\\/#breadcrumb\"},\"inLanguage\":\"de\",\"potentialAction\":[{\"@type\":\"ReadAction\",\"target\":[\"https:\\\/\\\/astei.com\\\/de\\\/direktbuchung\\\/\"]}]},{\"@type\":\"ImageObject\",\"inLanguage\":\"de\",\"@id\":\"https:\\\/\\\/astei.com\\\/de\\\/direktbuchung\\\/#primaryimage\",\"url\":\"https:\\\/\\\/astei.com\\\/wp-content\\\/uploads\\\/2021\\\/03\\\/Wellness-home-Astei.png\",\"contentUrl\":\"https:\\\/\\\/astei.com\\\/wp-content\\\/uploads\\\/2021\\\/03\\\/Wellness-home-Astei.png\",\"width\":576,\"height\":683,\"caption\":\"Las casas rurales de Ea Astei, parque natural de Urdaibai, Pa\u00eds Vasco\"},{\"@type\":\"BreadcrumbList\",\"@id\":\"https:\\\/\\\/astei.com\\\/de\\\/direktbuchung\\\/#breadcrumb\",\"itemListElement\":[{\"@type\":\"ListItem\",\"position\":1,\"name\":\"Cover\",\"item\":\"https:\\\/\\\/astei.com\\\/de\\\/\"},{\"@type\":\"ListItem\",\"position\":2,\"name\":\"Direktbuchung\"}]},{\"@type\":\"WebSite\",\"@id\":\"https:\\\/\\\/astei.com\\\/de\\\/#website\",\"url\":\"https:\\\/\\\/astei.com\\\/de\\\/\",\"name\":\"Las Casas de Ea Astei\",\"description\":\"Tus alojamientos rurales perfectos en el para\u00edso de Urdaibai\",\"publisher\":{\"@id\":\"https:\\\/\\\/astei.com\\\/de\\\/#organization\"},\"alternateName\":\"Tourist accommodations in Basque Country\",\"potentialAction\":[{\"@type\":\"SearchAction\",\"target\":{\"@type\":\"EntryPoint\",\"urlTemplate\":\"https:\\\/\\\/astei.com\\\/de\\\/?s={search_term_string}\"},\"query-input\":{\"@type\":\"PropertyValueSpecification\",\"valueRequired\":true,\"valueName\":\"search_term_string\"}}],\"inLanguage\":\"de\"},{\"@type\":\"Organization\",\"@id\":\"https:\\\/\\\/astei.com\\\/de\\\/#organization\",\"name\":\"The Houses of Ea Astei\",\"alternateName\":\"Tourist accommodations in Basque Country\",\"url\":\"https:\\\/\\\/astei.com\\\/de\\\/\",\"logo\":{\"@type\":\"ImageObject\",\"inLanguage\":\"de\",\"@id\":\"https:\\\/\\\/astei.com\\\/de\\\/#\\\/schema\\\/logo\\\/image\\\/\",\"url\":\"https:\\\/\\\/i0.wp.com\\\/astei.com\\\/wp-content\\\/uploads\\\/2019\\\/02\\\/Logo-Astei-Negro.png?fit=164%2C108&ssl=1\",\"contentUrl\":\"https:\\\/\\\/i0.wp.com\\\/astei.com\\\/wp-content\\\/uploads\\\/2019\\\/02\\\/Logo-Astei-Negro.png?fit=164%2C108&ssl=1\",\"width\":164,\"height\":108,\"caption\":\"The Houses of Ea Astei\"},\"image\":{\"@id\":\"https:\\\/\\\/astei.com\\\/de\\\/#\\\/schema\\\/logo\\\/image\\\/\"},\"sameAs\":[\"https:\\\/\\\/www.facebook.com\\\/EAASTEI\",\"https:\\\/\\\/www.instagram.com\\\/eaastei\\\/\",\"https:\\\/\\\/www.linkedin.com\\\/in\\\/ea-astei-casa-rural-74004636\\\/\"]}]}<\/script>\n<!-- \/ Yoast SEO plugin. -->","yoast_head_json":{"title":"Direktbuchung - Las Casas de Ea Astei","description":"Buchen Sie Ihr perfektes Landhaus in Urdaibai im Baskenland direkt beim Eigent\u00fcmer zum garantiert besten Preis.","robots":{"index":"index","follow":"follow","max-snippet":"max-snippet:-1","max-image-preview":"max-image-preview:large","max-video-preview":"max-video-preview:-1"},"canonical":"https:\/\/astei.com\/de\/direktbuchung\/","og_locale":"de_DE","og_type":"article","og_title":"Direktbuchung - Las Casas de Ea Astei","og_description":"Buchen Sie Ihr perfektes Landhaus in Urdaibai im Baskenland direkt beim Eigent\u00fcmer zum garantiert besten Preis.","og_url":"https:\/\/astei.com\/de\/direktbuchung\/","og_site_name":"Las Casas de Ea Astei","article_publisher":"https:\/\/www.facebook.com\/EAASTEI","og_image":[{"width":576,"height":683,"url":"https:\/\/astei.com\/wp-content\/uploads\/2021\/03\/Wellness-home-Astei.png","type":"image\/png"}],"twitter_card":"summary_large_image","schema":{"@context":"https:\/\/schema.org","@graph":[{"@type":"WebPage","@id":"https:\/\/astei.com\/de\/direktbuchung\/","url":"https:\/\/astei.com\/de\/direktbuchung\/","name":"Direktbuchung - Las Casas de Ea Astei","isPartOf":{"@id":"https:\/\/astei.com\/de\/#website"},"primaryImageOfPage":{"@id":"https:\/\/astei.com\/de\/direktbuchung\/#primaryimage"},"image":{"@id":"https:\/\/astei.com\/de\/direktbuchung\/#primaryimage"},"thumbnailUrl":"https:\/\/astei.com\/wp-content\/uploads\/2021\/03\/Wellness-home-Astei.png","datePublished":"2026-04-14T21:33:07+00:00","description":"Buchen Sie Ihr perfektes Landhaus in Urdaibai im Baskenland direkt beim Eigent\u00fcmer zum garantiert besten Preis.","breadcrumb":{"@id":"https:\/\/astei.com\/de\/direktbuchung\/#breadcrumb"},"inLanguage":"de","potentialAction":[{"@type":"ReadAction","target":["https:\/\/astei.com\/de\/direktbuchung\/"]}]},{"@type":"ImageObject","inLanguage":"de","@id":"https:\/\/astei.com\/de\/direktbuchung\/#primaryimage","url":"https:\/\/astei.com\/wp-content\/uploads\/2021\/03\/Wellness-home-Astei.png","contentUrl":"https:\/\/astei.com\/wp-content\/uploads\/2021\/03\/Wellness-home-Astei.png","width":576,"height":683,"caption":"Las casas rurales de Ea Astei, parque natural de Urdaibai, Pa\u00eds Vasco"},{"@type":"BreadcrumbList","@id":"https:\/\/astei.com\/de\/direktbuchung\/#breadcrumb","itemListElement":[{"@type":"ListItem","position":1,"name":"Cover","item":"https:\/\/astei.com\/de\/"},{"@type":"ListItem","position":2,"name":"Direktbuchung"}]},{"@type":"WebSite","@id":"https:\/\/astei.com\/de\/#website","url":"https:\/\/astei.com\/de\/","name":"Las Casas de Ea Astei","description":"Tus alojamientos rurales perfectos en el para\u00edso de Urdaibai","publisher":{"@id":"https:\/\/astei.com\/de\/#organization"},"alternateName":"Tourist accommodations in Basque Country","potentialAction":[{"@type":"SearchAction","target":{"@type":"EntryPoint","urlTemplate":"https:\/\/astei.com\/de\/?s={search_term_string}"},"query-input":{"@type":"PropertyValueSpecification","valueRequired":true,"valueName":"search_term_string"}}],"inLanguage":"de"},{"@type":"Organization","@id":"https:\/\/astei.com\/de\/#organization","name":"The Houses of Ea Astei","alternateName":"Tourist accommodations in Basque Country","url":"https:\/\/astei.com\/de\/","logo":{"@type":"ImageObject","inLanguage":"de","@id":"https:\/\/astei.com\/de\/#\/schema\/logo\/image\/","url":"https:\/\/i0.wp.com\/astei.com\/wp-content\/uploads\/2019\/02\/Logo-Astei-Negro.png?fit=164%2C108&ssl=1","contentUrl":"https:\/\/i0.wp.com\/astei.com\/wp-content\/uploads\/2019\/02\/Logo-Astei-Negro.png?fit=164%2C108&ssl=1","width":164,"height":108,"caption":"The Houses of Ea Astei"},"image":{"@id":"https:\/\/astei.com\/de\/#\/schema\/logo\/image\/"},"sameAs":["https:\/\/www.facebook.com\/EAASTEI","https:\/\/www.instagram.com\/eaastei\/","https:\/\/www.linkedin.com\/in\/ea-astei-casa-rural-74004636\/"]}]}},"_links":{"self":[{"href":"https:\/\/astei.com\/de\/wp-json\/wp\/v2\/pages\/20655","targetHints":{"allow":["GET"]}}],"collection":[{"href":"https:\/\/astei.com\/de\/wp-json\/wp\/v2\/pages"}],"about":[{"href":"https:\/\/astei.com\/de\/wp-json\/wp\/v2\/types\/page"}],"author":[{"embeddable":true,"href":"https:\/\/astei.com\/de\/wp-json\/wp\/v2\/users\/18"}],"replies":[{"embeddable":true,"href":"https:\/\/astei.com\/de\/wp-json\/wp\/v2\/comments?post=20655"}],"version-history":[{"count":1,"href":"https:\/\/astei.com\/de\/wp-json\/wp\/v2\/pages\/20655\/revisions"}],"predecessor-version":[{"id":20828,"href":"https:\/\/astei.com\/de\/wp-json\/wp\/v2\/pages\/20655\/revisions\/20828"}],"wp:featuredmedia":[{"embeddable":true,"href":"https:\/\/astei.com\/de\/wp-json\/wp\/v2\/media\/479"}],"wp:attachment":[{"href":"https:\/\/astei.com\/de\/wp-json\/wp\/v2\/media?parent=20655"}],"wp:term":[{"taxonomy":"category","embeddable":true,"href":"https:\/\/astei.com\/de\/wp-json\/wp\/v2\/categories?post=20655"},{"taxonomy":"post_tag","embeddable":true,"href":"https:\/\/astei.com\/de\/wp-json\/wp\/v2\/tags?post=20655"}],"curies":[{"name":"wp","href":"https:\/\/api.w.org\/{rel}","templated":true}]}}