{"id":20643,"date":"2026-04-14T23:33:08","date_gmt":"2026-04-14T21:33:08","guid":{"rendered":"https:\/\/astei.com\/?page_id=20643"},"modified":"2026-04-14T23:33:08","modified_gmt":"2026-04-14T21:33:08","slug":"kontakt","status":"publish","type":"page","link":"https:\/\/astei.com\/de\/kontakt\/","title":{"rendered":"Kontakt"},"content":{"rendered":"\t\t<div data-elementor-type=\"wp-page\" data-elementor-id=\"20643\" class=\"elementor elementor-20643 elementor-1676\" data-elementor-post-type=\"page\">\n\t\t\t\t<div data-dce-background-image-url=\"https:\/\/astei.com\/wp-content\/uploads\/2022\/02\/casas-de-asteiat10.36.39.png\" class=\"elementor-element elementor-element-728f602 e-flex e-con-boxed e-con e-parent\" data-id=\"728f602\" data-element_type=\"container\" data-e-type=\"container\" data-settings=\"{&quot;background_background&quot;:&quot;classic&quot;}\">\n\t\t\t\t\t<div class=\"e-con-inner\">\n\t\t<div class=\"elementor-element elementor-element-710c65b e-con-full e-flex e-con e-child\" data-id=\"710c65b\" data-element_type=\"container\" data-e-type=\"container\" data-settings=\"{&quot;background_background&quot;:&quot;classic&quot;}\">\n\t\t\t\t<div class=\"elementor-element elementor-element-d70269a elementor-widget elementor-widget-heading\" data-id=\"d70269a\" data-element_type=\"widget\" data-e-type=\"widget\" data-widget_type=\"heading.default\">\n\t\t\t\t\t<h1 class=\"elementor-heading-title elementor-size-large\">Kontakt<\/h1>\t\t\t\t<\/div>\n\t\t\t\t<div class=\"elementor-element elementor-element-97d4d46 elementor-widget elementor-widget-text-editor\" data-id=\"97d4d46\" data-element_type=\"widget\" data-e-type=\"widget\" data-widget_type=\"text-editor.default\">\n\t\t\t\t\t\t\t\t\t<p>Wenn Sie Fragen oder Anregungen an uns haben, sind Sie hier richtig.<\/p>\t\t\t\t\t\t\t\t<\/div>\n\t\t\t\t<\/div>\n\t\t<div class=\"elementor-element elementor-element-146580a e-con-full e-flex e-con e-child\" data-id=\"146580a\" data-element_type=\"container\" data-e-type=\"container\">\n\t\t\t\t<\/div>\n\t\t\t\t\t<\/div>\n\t\t\t\t<\/div>\n\t\t<div class=\"elementor-element elementor-element-dee8b6b e-flex e-con-boxed e-con e-parent\" data-id=\"dee8b6b\" data-element_type=\"container\" data-e-type=\"container\" data-settings=\"{&quot;background_background&quot;:&quot;classic&quot;}\">\n\t\t\t\t\t<div class=\"e-con-inner\">\n\t\t\t\t<div class=\"elementor-element elementor-element-8f53218 elementor-widget elementor-widget-image\" data-id=\"8f53218\" data-element_type=\"widget\" data-e-type=\"widget\" data-widget_type=\"image.default\">\n\t\t\t\t\t\t\t\t\t\t\t\t\t\t\t<img fetchpriority=\"high\" decoding=\"async\" width=\"418\" height=\"585\" src=\"https:\/\/astei.com\/wp-content\/uploads\/2024\/12\/trustindex.png\" class=\"attachment-large size-large wp-image-19455\" alt=\"Las casas de Ea Astei - Trustindex\" srcset=\"https:\/\/astei.com\/wp-content\/uploads\/2024\/12\/trustindex.png 418w, https:\/\/astei.com\/wp-content\/uploads\/2024\/12\/trustindex-214x300.png 214w\" sizes=\"(max-width: 418px) 100vw, 418px\" \/>\t\t\t\t\t\t\t\t\t\t\t\t\t\t\t<\/div>\n\t\t\t\t<div class=\"elementor-element elementor-element-0fe9d9b elementor-widget__width-initial elementor-widget elementor-widget-text-editor\" data-id=\"0fe9d9b\" data-element_type=\"widget\" data-e-type=\"widget\" data-widget_type=\"text-editor.default\">\n\t\t\t\t\t\t\t\t\t<p>Sagen Sie uns, wie wir Ihnen helfen k\u00f6nnen. Wir freuen uns, Sie zu unterst\u00fctzen, damit Sie uns mit vollem Vertrauen besuchen und die wohlverdiente Erholung in vollen Z\u00fcgen genie\u00dfen k\u00f6nnen.<\/p>\t\t\t\t\t\t\t\t<\/div>\n\t\t\t\t\t<\/div>\n\t\t\t\t<\/div>\n\t\t<div class=\"elementor-element elementor-element-e58548e e-flex e-con-boxed e-con e-parent\" data-id=\"e58548e\" data-element_type=\"container\" data-e-type=\"container\">\n\t\t\t\t\t<div class=\"e-con-inner\">\n\t\t\t\t\t<\/div>\n\t\t\t\t<\/div>\n\t\t<div class=\"elementor-element elementor-element-9756ef0 e-flex e-con-boxed e-con e-parent\" data-id=\"9756ef0\" data-element_type=\"container\" data-e-type=\"container\" data-settings=\"{&quot;background_background&quot;:&quot;classic&quot;}\">\n\t\t\t\t\t<div class=\"e-con-inner\">\n\t\t\t\t<div class=\"elementor-element elementor-element-ec1a1be elementor-widget elementor-widget-text-editor\" data-id=\"ec1a1be\" data-element_type=\"widget\" data-e-type=\"widget\" data-widget_type=\"text-editor.default\">\n\t\t\t\t\t\t\t\t\t<p>Buchen Sie bei uns zum garantiert besten Preis.<\/p>\t\t\t\t\t\t\t\t<\/div>\n\t\t\t\t<div class=\"elementor-element elementor-element-c336f77 elementor-widget elementor-widget-shortcode\" data-id=\"c336f77\" data-element_type=\"widget\" data-e-type=\"widget\" data-widget_type=\"shortcode.default\">\n\t\t\t\t\t\t\t<div class=\"elementor-shortcode\">        <style>\r\n.avc-calendar.avc-calendar-1 {\r\n    background-color: rgba(255, 255, 255, 0);\r\n    border-width: 0px;\r\n    border-color: rgba(0,0,0,1);\r\n    border-radius: 10px;\r\n}\r\n\r\n.avc-calendar.avc-calendar-1 > .avc-input {\r\n    background-color: rgba(255,255,255,1);\r\n    border-width: 0px;\r\n    border-color: rgba(0.73, 0.73, 0.73, 0);\r\n    border-radius: 4px;\r\n    color: rgba(0.72, 0.73, 0.73, 1);\r\n    font-size: 14px;\r\n}\r\n\r\n\/* Separated because of this: https:\/\/stackoverflow.com\/a\/39155868 *\/\r\n.avc-calendar.avc-calendar-1 input::placeholder {\r\n    color: inherit;\r\n    font-size: inherit;\r\n}\r\n.avc-calendar.avc-calendar-1 input::-moz-placeholder {\r\n    color: inherit;\r\n    font-size: inherit;\r\n}\r\n.avc-calendar.avc-calendar-1 input::-webkit-input-placeholder {\r\n    color: inherit;\r\n    font-size: inherit;\r\n}\r\n.avc-calendar.avc-calendar-1 input:-ms-input-placeholder {\r\n    color: inherit;\r\n    font-size: inherit;\r\n}\r\n.avc-calendar.avc-calendar-1 input::-ms-input-placeholder {\r\n    color: inherit;\r\n    font-size: inherit;\r\n}\r\n\r\n.avc-calendar.avc-calendar-1 > .avc-button {\r\n    background-color: rgba(0.73, 0.73, 0.73, 1);\r\n    border-width: 0px;\r\n    border-color: rgba(0.73, 0.73, 0.73, 0);\r\n    border-radius: 0px;\r\n    color: rgba(255, 255, 255, 1);\r\n    font-size: 14px;\r\n}\r\n\r\n.avc-calendar.avc-calendar-1 > .avc-button:hover {\r\n    background-color: rgba(13,13,13,1);\r\n}\r\n\r\n.avc-datepicker.avc-datepicker-1 .ui-state-highlight {\r\n  border: 1px solid rgba(0.73, 0.73, 0.73, 1);\r\n  color: rgba(0.73, 0.73, 0.73, 1);\r\n}\r\n\r\n.avc-datepicker.avc-datepicker-1 .ui-state-highlight:not(.ui-state-active):hover {\r\n  background-color: rgba(217,217,217,1);\r\n}\r\n\r\n.avc-datepicker.avc-datepicker-1.ui-datepicker table > tbody > tr > td > a.ui-state-active.ui-state-default {\r\n  border: 1px solid rgba(0.73, 0.73, 0.73, 1) !important;\r\n  background-color: rgba(0.73, 0.73, 0.73, 1) !important;\r\n  color: rgba(255, 255, 255, 1) !important;\r\n}\r\n<\/style>\r\n        \r\n<div class=\"avc-calendar avc-calendar-1  avc-calendar-spacing \" data-id=\"1\" id=\"avc-1\" data-categories=\"[{&quot;id&quot;:&quot;31&quot;,&quot;establishment_id&quot;:&quot;1&quot;,&quot;name&quot;:&quot;Ea Astei -  OKANA&quot;},{&quot;id&quot;:&quot;57&quot;,&quot;establishment_id&quot;:&quot;1&quot;,&quot;name&quot;:&quot;Ea Astei - Etxola&quot;},{&quot;id&quot;:&quot;49&quot;,&quot;establishment_id&quot;:&quot;1&quot;,&quot;name&quot;:&quot;Ea Astei-AMETSA&quot;},{&quot;id&quot;:&quot;52&quot;,&quot;establishment_id&quot;:&quot;1&quot;,&quot;name&quot;:&quot;Ea Astei-GANBARA&quot;},{&quot;id&quot;:&quot;34&quot;,&quot;establishment_id&quot;:&quot;1&quot;,&quot;name&quot;:&quot;Ea Astei-GARAIXE&quot;},{&quot;id&quot;:&quot;43&quot;,&quot;establishment_id&quot;:&quot;1&quot;,&quot;name&quot;:&quot;Ea Astei-HARRIA&quot;},{&quot;id&quot;:&quot;40&quot;,&quot;establishment_id&quot;:&quot;1&quot;,&quot;name&quot;:&quot;Ea Astei-LURRA&quot;},{&quot;id&quot;:&quot;53&quot;,&quot;establishment_id&quot;:&quot;1&quot;,&quot;name&quot;:&quot;Ea Astei-Sabai&quot;},{&quot;id&quot;:&quot;46&quot;,&quot;establishment_id&quot;:&quot;1&quot;,&quot;name&quot;:&quot;Ea Astei-TXORIA&quot;},{&quot;id&quot;:&quot;28&quot;,&quot;establishment_id&quot;:&quot;1&quot;,&quot;name&quot;:&quot;Ea Astei-VITA&quot;}]\" data-lang=\"de\">\r\n    <select\r\n        class=\"avc-input avc-establishment avc-establishment-1  avc-calendar-spacing \" style=\"display: none;\"\r\n        data-single=\"1\"\r\n        data-default-webcode=\"63578727\"\r\n    >\r\n        <option value=\"\">Establishments<\/option>\r\n                <option value=\"63578727\" data-id=\"1\">\r\n            EA-ASTEI &amp; HEMINGWAY Kanala        <\/option>\r\n            <\/select>\r\n        <label class=\"avc-input\">\r\n                    <i class=\"material-icons\">calendar_today<\/i>\r\n                <input type=\"text\" class=\"avc-arrival\" placeholder=\"Arrival\" readonly data-id=\"1\">\r\n    <\/label>\r\n    <label class=\"avc-input\">\r\n                    <i class=\"material-icons\">calendar_today<\/i>\r\n                <input type=\"text\" class=\"avc-departure\" placeholder=\"Departure\" readonly data-id=\"1\">\r\n    <\/label>\r\n    <label class=\"avc-input\" style=\"display: none;\">\r\n        <input type=\"text\" class=\"avc-promotion\" placeholder=\"Promo code\" value=\"\">\r\n    <\/label>\r\n    <button class=\"avc-button\" onclick=\"go_to_bengine(1)\" >Book<\/button>\r\n<\/div><\/div>\n\t\t\t\t\t\t<\/div>\n\t\t\t\t\t<\/div>\n\t\t\t\t<\/div>\n\t\t<div class=\"elementor-element elementor-element-8cfc658 e-flex e-con-boxed e-con e-parent\" data-id=\"8cfc658\" data-element_type=\"container\" data-e-type=\"container\">\n\t\t\t\t\t<div class=\"e-con-inner\">\n\t\t\t\t<div class=\"elementor-element elementor-element-86e4317 elementor-widget__width-inherit elementor-widget elementor-widget-heading\" data-id=\"86e4317\" data-element_type=\"widget\" data-e-type=\"widget\" data-widget_type=\"heading.default\">\n\t\t\t\t\t<h2 class=\"elementor-heading-title elementor-size-default\">Meinungen<\/h2>\t\t\t\t<\/div>\n\t\t\t\t<div class=\"elementor-element elementor-element-2a6d924 elementor-widget elementor-widget-text-editor\" data-id=\"2a6d924\" data-element_type=\"widget\" data-e-type=\"widget\" data-widget_type=\"text-editor.default\">\n\t\t\t\t\t\t\t\t\t<p>Niemand kann Ihnen besser als unsere G\u00e4ste selbst von der Begeisterung f\u00fcr ihren Aufenthalt in den Casas de Ea Astei berichten. Vielen Dank, eskerrik asko.<\/p>\t\t\t\t\t\t\t\t<\/div>\n\t\t\t\t\t<\/div>\n\t\t\t\t<\/div>\n\t\t\t\t<\/div>\n\t\t","protected":false},"excerpt":{"rendered":"<p>Contacto Si tienes cualquier duda o sugerencia que hacernos, este es el sitio Cu\u00e9ntanos qu\u00e9 podemos hacer por ti. Estaremos encantadas de atenderte, para que puedas visitarnos con total confianza y disfrutar al m\u00e1ximo del descanso que te mereces. Reserva con nosotras al mejor precio garantizado Opiniones Nadie mejor que nuestros clientes te puede contar [&hellip;]<\/p>\n","protected":false},"author":18,"featured_media":0,"parent":0,"menu_order":0,"comment_status":"closed","ping_status":"closed","template":"elementor_header_footer","meta":{"_acf_changed":false,"_joinchat":[],"footnotes":""},"categories":[],"tags":[],"class_list":["post-20643","page","type-page","status-publish","hentry"],"acf":[],"yoast_head":"<!-- This site is optimized with the Yoast SEO plugin v27.4 - https:\/\/yoast.com\/product\/yoast-seo-wordpress\/ -->\n<title>Kontakt - Las Casas de Ea Astei<\/title>\n<meta name=\"description\" content=\"Wenn Sie Anmerkungen f\u00fcr uns haben, nutzen Sie bitte diese Kontaktseite. Wir von Las Casas de Ea Astei helfen Ihnen gerne weiter.\" \/>\n<meta name=\"robots\" content=\"index, follow, max-snippet:-1, max-image-preview:large, max-video-preview:-1\" \/>\n<link rel=\"canonical\" href=\"https:\/\/astei.com\/de\/kontakt\/\" \/>\n<meta property=\"og:locale\" content=\"de_DE\" \/>\n<meta property=\"og:type\" content=\"article\" \/>\n<meta property=\"og:title\" content=\"Kontakt - Las Casas de Ea Astei\" \/>\n<meta property=\"og:description\" content=\"Wenn Sie Anmerkungen f\u00fcr uns haben, nutzen Sie bitte diese Kontaktseite. Wir von Las Casas de Ea Astei helfen Ihnen gerne weiter.\" \/>\n<meta property=\"og:url\" content=\"https:\/\/astei.com\/de\/kontakt\/\" \/>\n<meta property=\"og:site_name\" content=\"Las Casas de Ea Astei\" \/>\n<meta property=\"article:publisher\" content=\"https:\/\/www.facebook.com\/EAASTEI\" \/>\n<meta property=\"og:image\" content=\"https:\/\/astei.com\/wp-content\/uploads\/2024\/12\/trustindex.png\" \/>\n<meta name=\"twitter:card\" content=\"summary_large_image\" \/>\n<script type=\"application\/ld+json\" class=\"yoast-schema-graph\">{\"@context\":\"https:\\\/\\\/schema.org\",\"@graph\":[{\"@type\":\"WebPage\",\"@id\":\"https:\\\/\\\/astei.com\\\/de\\\/kontakt\\\/\",\"url\":\"https:\\\/\\\/astei.com\\\/de\\\/kontakt\\\/\",\"name\":\"Kontakt - Las Casas de Ea Astei\",\"isPartOf\":{\"@id\":\"https:\\\/\\\/astei.com\\\/de\\\/#website\"},\"primaryImageOfPage\":{\"@id\":\"https:\\\/\\\/astei.com\\\/de\\\/kontakt\\\/#primaryimage\"},\"image\":{\"@id\":\"https:\\\/\\\/astei.com\\\/de\\\/kontakt\\\/#primaryimage\"},\"thumbnailUrl\":\"https:\\\/\\\/astei.com\\\/wp-content\\\/uploads\\\/2024\\\/12\\\/trustindex.png\",\"datePublished\":\"2026-04-14T21:33:08+00:00\",\"description\":\"Wenn Sie Anmerkungen f\u00fcr uns haben, nutzen Sie bitte diese Kontaktseite. Wir von Las Casas de Ea Astei helfen Ihnen gerne weiter.\",\"breadcrumb\":{\"@id\":\"https:\\\/\\\/astei.com\\\/de\\\/kontakt\\\/#breadcrumb\"},\"inLanguage\":\"de\",\"potentialAction\":[{\"@type\":\"ReadAction\",\"target\":[\"https:\\\/\\\/astei.com\\\/de\\\/kontakt\\\/\"]}]},{\"@type\":\"ImageObject\",\"inLanguage\":\"de\",\"@id\":\"https:\\\/\\\/astei.com\\\/de\\\/kontakt\\\/#primaryimage\",\"url\":\"https:\\\/\\\/astei.com\\\/wp-content\\\/uploads\\\/2024\\\/12\\\/trustindex.png\",\"contentUrl\":\"https:\\\/\\\/astei.com\\\/wp-content\\\/uploads\\\/2024\\\/12\\\/trustindex.png\"},{\"@type\":\"BreadcrumbList\",\"@id\":\"https:\\\/\\\/astei.com\\\/de\\\/kontakt\\\/#breadcrumb\",\"itemListElement\":[{\"@type\":\"ListItem\",\"position\":1,\"name\":\"Cover\",\"item\":\"https:\\\/\\\/astei.com\\\/de\\\/\"},{\"@type\":\"ListItem\",\"position\":2,\"name\":\"Kontakt\"}]},{\"@type\":\"WebSite\",\"@id\":\"https:\\\/\\\/astei.com\\\/de\\\/#website\",\"url\":\"https:\\\/\\\/astei.com\\\/de\\\/\",\"name\":\"Las Casas de Ea Astei\",\"description\":\"Tus alojamientos rurales perfectos en el para\u00edso de Urdaibai\",\"publisher\":{\"@id\":\"https:\\\/\\\/astei.com\\\/de\\\/#organization\"},\"alternateName\":\"Tourist accommodations in Basque Country\",\"potentialAction\":[{\"@type\":\"SearchAction\",\"target\":{\"@type\":\"EntryPoint\",\"urlTemplate\":\"https:\\\/\\\/astei.com\\\/de\\\/?s={search_term_string}\"},\"query-input\":{\"@type\":\"PropertyValueSpecification\",\"valueRequired\":true,\"valueName\":\"search_term_string\"}}],\"inLanguage\":\"de\"},{\"@type\":\"Organization\",\"@id\":\"https:\\\/\\\/astei.com\\\/de\\\/#organization\",\"name\":\"The Houses of Ea Astei\",\"alternateName\":\"Tourist accommodations in Basque Country\",\"url\":\"https:\\\/\\\/astei.com\\\/de\\\/\",\"logo\":{\"@type\":\"ImageObject\",\"inLanguage\":\"de\",\"@id\":\"https:\\\/\\\/astei.com\\\/de\\\/#\\\/schema\\\/logo\\\/image\\\/\",\"url\":\"https:\\\/\\\/i0.wp.com\\\/astei.com\\\/wp-content\\\/uploads\\\/2019\\\/02\\\/Logo-Astei-Negro.png?fit=164%2C108&ssl=1\",\"contentUrl\":\"https:\\\/\\\/i0.wp.com\\\/astei.com\\\/wp-content\\\/uploads\\\/2019\\\/02\\\/Logo-Astei-Negro.png?fit=164%2C108&ssl=1\",\"width\":164,\"height\":108,\"caption\":\"The Houses of Ea Astei\"},\"image\":{\"@id\":\"https:\\\/\\\/astei.com\\\/de\\\/#\\\/schema\\\/logo\\\/image\\\/\"},\"sameAs\":[\"https:\\\/\\\/www.facebook.com\\\/EAASTEI\",\"https:\\\/\\\/www.instagram.com\\\/eaastei\\\/\",\"https:\\\/\\\/www.linkedin.com\\\/in\\\/ea-astei-casa-rural-74004636\\\/\"]}]}<\/script>\n<!-- \/ Yoast SEO plugin. -->","yoast_head_json":{"title":"Kontakt - Las Casas de Ea Astei","description":"Wenn Sie Anmerkungen f\u00fcr uns haben, nutzen Sie bitte diese Kontaktseite. Wir von Las Casas de Ea Astei helfen Ihnen gerne weiter.","robots":{"index":"index","follow":"follow","max-snippet":"max-snippet:-1","max-image-preview":"max-image-preview:large","max-video-preview":"max-video-preview:-1"},"canonical":"https:\/\/astei.com\/de\/kontakt\/","og_locale":"de_DE","og_type":"article","og_title":"Kontakt - Las Casas de Ea Astei","og_description":"Wenn Sie Anmerkungen f\u00fcr uns haben, nutzen Sie bitte diese Kontaktseite. Wir von Las Casas de Ea Astei helfen Ihnen gerne weiter.","og_url":"https:\/\/astei.com\/de\/kontakt\/","og_site_name":"Las Casas de Ea Astei","article_publisher":"https:\/\/www.facebook.com\/EAASTEI","og_image":[{"url":"https:\/\/astei.com\/wp-content\/uploads\/2024\/12\/trustindex.png","type":"","width":"","height":""}],"twitter_card":"summary_large_image","schema":{"@context":"https:\/\/schema.org","@graph":[{"@type":"WebPage","@id":"https:\/\/astei.com\/de\/kontakt\/","url":"https:\/\/astei.com\/de\/kontakt\/","name":"Kontakt - Las Casas de Ea Astei","isPartOf":{"@id":"https:\/\/astei.com\/de\/#website"},"primaryImageOfPage":{"@id":"https:\/\/astei.com\/de\/kontakt\/#primaryimage"},"image":{"@id":"https:\/\/astei.com\/de\/kontakt\/#primaryimage"},"thumbnailUrl":"https:\/\/astei.com\/wp-content\/uploads\/2024\/12\/trustindex.png","datePublished":"2026-04-14T21:33:08+00:00","description":"Wenn Sie Anmerkungen f\u00fcr uns haben, nutzen Sie bitte diese Kontaktseite. Wir von Las Casas de Ea Astei helfen Ihnen gerne weiter.","breadcrumb":{"@id":"https:\/\/astei.com\/de\/kontakt\/#breadcrumb"},"inLanguage":"de","potentialAction":[{"@type":"ReadAction","target":["https:\/\/astei.com\/de\/kontakt\/"]}]},{"@type":"ImageObject","inLanguage":"de","@id":"https:\/\/astei.com\/de\/kontakt\/#primaryimage","url":"https:\/\/astei.com\/wp-content\/uploads\/2024\/12\/trustindex.png","contentUrl":"https:\/\/astei.com\/wp-content\/uploads\/2024\/12\/trustindex.png"},{"@type":"BreadcrumbList","@id":"https:\/\/astei.com\/de\/kontakt\/#breadcrumb","itemListElement":[{"@type":"ListItem","position":1,"name":"Cover","item":"https:\/\/astei.com\/de\/"},{"@type":"ListItem","position":2,"name":"Kontakt"}]},{"@type":"WebSite","@id":"https:\/\/astei.com\/de\/#website","url":"https:\/\/astei.com\/de\/","name":"Las Casas de Ea Astei","description":"Tus alojamientos rurales perfectos en el para\u00edso de Urdaibai","publisher":{"@id":"https:\/\/astei.com\/de\/#organization"},"alternateName":"Tourist accommodations in Basque Country","potentialAction":[{"@type":"SearchAction","target":{"@type":"EntryPoint","urlTemplate":"https:\/\/astei.com\/de\/?s={search_term_string}"},"query-input":{"@type":"PropertyValueSpecification","valueRequired":true,"valueName":"search_term_string"}}],"inLanguage":"de"},{"@type":"Organization","@id":"https:\/\/astei.com\/de\/#organization","name":"The Houses of Ea Astei","alternateName":"Tourist accommodations in Basque Country","url":"https:\/\/astei.com\/de\/","logo":{"@type":"ImageObject","inLanguage":"de","@id":"https:\/\/astei.com\/de\/#\/schema\/logo\/image\/","url":"https:\/\/i0.wp.com\/astei.com\/wp-content\/uploads\/2019\/02\/Logo-Astei-Negro.png?fit=164%2C108&ssl=1","contentUrl":"https:\/\/i0.wp.com\/astei.com\/wp-content\/uploads\/2019\/02\/Logo-Astei-Negro.png?fit=164%2C108&ssl=1","width":164,"height":108,"caption":"The Houses of Ea Astei"},"image":{"@id":"https:\/\/astei.com\/de\/#\/schema\/logo\/image\/"},"sameAs":["https:\/\/www.facebook.com\/EAASTEI","https:\/\/www.instagram.com\/eaastei\/","https:\/\/www.linkedin.com\/in\/ea-astei-casa-rural-74004636\/"]}]}},"_links":{"self":[{"href":"https:\/\/astei.com\/de\/wp-json\/wp\/v2\/pages\/20643","targetHints":{"allow":["GET"]}}],"collection":[{"href":"https:\/\/astei.com\/de\/wp-json\/wp\/v2\/pages"}],"about":[{"href":"https:\/\/astei.com\/de\/wp-json\/wp\/v2\/types\/page"}],"author":[{"embeddable":true,"href":"https:\/\/astei.com\/de\/wp-json\/wp\/v2\/users\/18"}],"replies":[{"embeddable":true,"href":"https:\/\/astei.com\/de\/wp-json\/wp\/v2\/comments?post=20643"}],"version-history":[{"count":1,"href":"https:\/\/astei.com\/de\/wp-json\/wp\/v2\/pages\/20643\/revisions"}],"predecessor-version":[{"id":20844,"href":"https:\/\/astei.com\/de\/wp-json\/wp\/v2\/pages\/20643\/revisions\/20844"}],"wp:attachment":[{"href":"https:\/\/astei.com\/de\/wp-json\/wp\/v2\/media?parent=20643"}],"wp:term":[{"taxonomy":"category","embeddable":true,"href":"https:\/\/astei.com\/de\/wp-json\/wp\/v2\/categories?post=20643"},{"taxonomy":"post_tag","embeddable":true,"href":"https:\/\/astei.com\/de\/wp-json\/wp\/v2\/tags?post=20643"}],"curies":[{"name":"wp","href":"https:\/\/api.w.org\/{rel}","templated":true}]}}